{"id":9509,"date":"2025-05-20T08:00:25","date_gmt":"2025-05-20T08:00:25","guid":{"rendered":"https:\/\/xenonkungen.com\/product\/infallnadspaket-luxtar-twilight-canbus\/"},"modified":"2026-05-13T16:03:45","modified_gmt":"2026-05-13T15:03:45","slug":"tilpasset-pakke-luxtar-twilight-canbus","status":"publish","type":"product","link":"https:\/\/xenonkungen.com\/no\/produkt\/tilpasset-pakke-luxtar-twilight-canbus\/","title":{"rendered":"Luxtar Twilight innbyggingssett &gt;&gt;CANBUS<<"},"content":{"rendered":"<h2>Luxtar Twilight &gt;&gt;CANBUS&lt;&lt; Innbyggingssett | Komplett pakke for kraftig belysning og sikker tilkobling<\/h2>\n<p>Ta bilbelysningen din til neste niv\u00e5 med v\u00e5r <strong>Luxtar Twilight innbyggingssett &gt;&gt;CANBUS&lt;&lt;<\/strong>. Med en imponerende lysstyrke p\u00e5 300 W og 18 140 lumen, samt 1 lux opp til 794 meter, gir denne pakken eksepsjonell synlighet selv under m\u00f8rke og vanskelige forhold. Denne pakken er testet og godkjent i henhold til R112-standarden, og gir ogs\u00e5 1 lux opp til 430 meter.<\/p>\n<h3>Pakken inneholder:<\/h3>\n<ul>\n<li><strong>Luxtar Twilight rekkverksbrakett | Svart | Rustfritt st\u00e5l<\/strong><br \/>\nEn robust og v\u00e6rbestandig brakett i rustfritt st\u00e5l som smelter sammen med et stilig svart utseende. Festet er designet for optimal holdbarhet og passer s\u00f8ml\u00f8st p\u00e5 kj\u00f8ret\u00f8yet ditt.<\/li>\n<li><strong>Luxtar rel\u00e9kabelsett DTP-4 X1 | 12V 80A rel\u00e9<\/strong><br \/>\nEt p\u00e5litelig rel\u00e9kabelsett for stabil str\u00f8moverf\u00f8ring, designet for \u00e5 t\u00e5le 80 A og sikre jevn ytelse og sikker drift av belysningssystemet.<\/li>\n<li><strong>XBB OBD-II-dongle + PowerUnit<\/strong><br \/>\nFor intuitiv og effektiv styring av lysene via OBD-II, noe som gir deg s\u00f8ml\u00f8s kontroll direkte fra bilens diagnosesystem. En praktisk l\u00f8sning som gj\u00f8r installasjon og bruk enklere.<\/li>\n<li><strong><strong>Kabelsett for XBB Power Unit - DT<br \/>\n<\/strong><\/strong>Signalkabel med DT-kontakt for effektiv og sikker overf\u00f8ring. Robust konstruksjon for langvarig bruk og optimal ytelse i elektriske og tekniske applikasjoner. Enkel \u00e5 installere.<\/li>\n<\/ul>\n<h3>Anbefalt tilbeh\u00f8r for optimal ytelse:<\/h3>\n<p>For \u00e5 sikre best mulig signaloverf\u00f8ring anbefaler vi at du bruker <strong>103179XR-DT Kabelsett for XBB Power Unit - DT<\/strong> som signalkabel. Dette kabelsettet av h\u00f8y kvalitet er designet for \u00e5 takle krevende milj\u00f8er og gir en sikker og robust tilkobling som forlenger belysningssystemets holdbarhet og funksjonalitet.<\/p>\n<p>Med Luxtar Twilight innbyggingssett f\u00e5r du alt du trenger for \u00e5 skape en effektiv og p\u00e5litelig belysningsinstallasjon, med h\u00f8y ytelse og p\u00e5litelige tilkoblingsmuligheter - perfekt for deg som \u00f8nsker \u00e5 kombinere kraftig belysning med stil og sikkerhet.<\/p>\n<h2><a href=\"https:\/\/xenonkungen.com\/wp-content\/uploads\/2025\/10\/XBB-Canbus-over-15A-inkoppling.pdf\">Klikk her for \u00e5 se koblingsskjemaet, doble rel\u00e9koblingsnett med XBB\u00a0<\/a><\/h2>","protected":false},"excerpt":{"rendered":"<p>Oppgrader bilens belysning med Luxtar Twilight Recessed Package &gt;&gt;CANBUS&lt;&lt;. Denne komplette pakken tilbyr kraftig ytelse, optimal holdbarhet og enkel installasjon - perfekt for tryggere kj\u00f8ring og bedre sikt under alle forhold.<\/p>","protected":false},"featured_media":10036,"comment_status":"closed","ping_status":"closed","template":"","meta":{"_acf_changed":false,"_smort_price_nok":"7899","_smort_price_dkk":"5018","_smort_price_eur":"672.24","_smort_sale_price_nok":"","_smort_sale_price_dkk":"","_smort_sale_price_eur":"","smort_restorder":"","shipmondo_restorder":"","_kad_blocks_custom_css":"","_kad_blocks_head_custom_js":"","_kad_blocks_body_custom_js":"","_kad_blocks_footer_custom_js":"","smort_custom_pricelist_1":"4732.8","smort_custom_pricelist_2":"4141.2","smort_custom_pricelist_3":"3845.4","smort_custom_pricelist_4":"5916","smort_custom_pricelist_5":"4141.2"},"anvandningsomrade":[207,166,167,1915],"bilmarken":[168],"product_brand":[103],"product_cat":[2539,2826,2542,18,20,2159,1916],"product_tag":[2726],"class_list":{"0":"post-9509","1":"product","2":"type-product","3":"status-publish","4":"has-post-thumbnail","6":"anvandningsomrade-husbil","7":"anvandningsomrade-lastbil","8":"anvandningsomrade-personbil","9":"anvandningsomrade-skapbil","10":"bilmarken-alla","11":"product_brand-luxtar","12":"product_cat-ledramper","13":"product_cat-luxtar","14":"product_cat-luxtar-twilight-ledramper","15":"product_cat-led-ramper-ljusramper","16":"product_cat-luxtar-twilight-led-ramper-ljusramper","17":"product_cat-luxtar-twilight","18":"product_cat-ledrampspaket","19":"product_tag-produktpaket","20":"pa_faktisk-effekts-forbrukning-153","21":"pa_fargtemperatur-5000k","22":"pa_fuktskydd-varde-ipxx-ip69k","23":"pa_godkannande-e-godkand-r112-r10-r148-r149","24":"pa_lampsockel-kontakt-dtp-4","25":"pa_led-chips-effekt-w-152","26":"pa_ljusbild-driving","27":"pa_storlek-mm-508x45x65","28":"pa_stromforbrukning-207a-137v","29":"pa_volt-v-9-12-24-32","31":"first","32":"onbackorder","33":"taxable","34":"shipping-taxable","35":"purchasable","36":"product-type-bundle"},"bundled_by":[],"bundle_stock_status":"insufficientstock","bundle_stock_quantity":0,"bundle_virtual":false,"bundle_layout":"default","bundle_add_to_cart_form_location":"default","bundle_editable_in_cart":false,"bundle_sold_individually_context":"product","bundle_item_grouping":"parent","bundle_min_size":"","bundle_max_size":"","bundle_price":{"price":{"min":{"incl_tax":"7898.82","excl_tax":"6319.05808572"},"max":{"incl_tax":"7898.82","excl_tax":"6319.05808572"}},"regular_price":{"min":{"incl_tax":"7898.82","excl_tax":"6319.05808572"},"max":{"incl_tax":"7898.82","excl_tax":"6319.05808572"}}},"bundled_items":[{"bundled_item_id":275,"product_id":944,"menu_order":0,"quantity_min":1,"quantity_max":1,"quantity_default":1,"priced_individually":false,"shipped_individually":false,"override_title":false,"title":"LUXTAR Twilight | 300W","override_description":false,"description":"","optional":false,"hide_thumbnail":false,"discount":"","override_variations":false,"allowed_variations":[],"override_default_variation_attributes":false,"default_variation_attributes":[],"single_product_visibility":"visible","cart_visibility":"visible","order_visibility":"visible","single_product_price_visibility":"visible","cart_price_visibility":"visible","order_price_visibility":"visible","stock_status":"in_stock"},{"bundled_item_id":276,"product_id":1069,"menu_order":1,"quantity_min":1,"quantity_max":1,"quantity_default":1,"priced_individually":false,"shipped_individually":false,"override_title":false,"title":"Luxtar rel\u00e9kabelsett DTP-4 X1 12V 80A rel\u00e9","override_description":false,"description":"","optional":false,"hide_thumbnail":false,"discount":"","override_variations":false,"allowed_variations":[],"override_default_variation_attributes":false,"default_variation_attributes":[],"single_product_visibility":"visible","cart_visibility":"visible","order_visibility":"visible","single_product_price_visibility":"visible","cart_price_visibility":"visible","order_price_visibility":"visible","stock_status":"on_backorder"},{"bundled_item_id":277,"product_id":2765,"menu_order":2,"quantity_min":1,"quantity_max":1,"quantity_default":1,"priced_individually":false,"shipped_individually":false,"override_title":false,"title":"Luxtar Twilight Led Ramp Bracket | Svart | RF","override_description":false,"description":"","optional":false,"hide_thumbnail":false,"discount":"","override_variations":false,"allowed_variations":[],"override_default_variation_attributes":false,"default_variation_attributes":[],"single_product_visibility":"visible","cart_visibility":"visible","order_visibility":"visible","single_product_price_visibility":"visible","cart_price_visibility":"visible","order_price_visibility":"visible","stock_status":"out_of_stock"},{"bundled_item_id":278,"product_id":1538,"menu_order":3,"quantity_min":1,"quantity_max":1,"quantity_default":1,"priced_individually":false,"shipped_individually":false,"override_title":false,"title":"XBB OBD-II-dongle + PowerUnit","override_description":false,"description":"","optional":false,"hide_thumbnail":false,"discount":"","override_variations":false,"allowed_variations":[],"override_default_variation_attributes":false,"default_variation_attributes":[],"single_product_visibility":"visible","cart_visibility":"visible","order_visibility":"visible","single_product_price_visibility":"visible","cart_price_visibility":"visible","order_price_visibility":"visible","stock_status":"on_backorder"},{"bundled_item_id":279,"product_id":2605,"menu_order":4,"quantity_min":1,"quantity_max":1,"quantity_default":1,"priced_individually":false,"shipped_individually":false,"override_title":false,"title":"Kabelsett for XBB Power Unit - DT","override_description":false,"description":"","optional":false,"hide_thumbnail":false,"discount":"","override_variations":false,"allowed_variations":[],"override_default_variation_attributes":false,"default_variation_attributes":[],"single_product_visibility":"visible","cart_visibility":"visible","order_visibility":"visible","single_product_price_visibility":"visible","cart_price_visibility":"visible","order_price_visibility":"visible","stock_status":"on_backorder"}],"bundle_sell_ids":[],"acf":[],"yoast_head":"<!-- This site is optimized with the Yoast SEO plugin v27.0 - https:\/\/yoast.com\/product\/yoast-seo-wordpress\/ -->\n<title>Inf\u00e4llnadspaket Luxtar Twilight &gt;&gt;CANBUS<\/title>\n<meta name=\"robots\" content=\"index, follow, max-snippet:-1, max-image-preview:large, max-video-preview:-1\" \/>\n<link rel=\"canonical\" href=\"https:\/\/xenonkungen.com\/no\/produkt\/tilpasset-pakke-luxtar-twilight-canbus\/\" \/>\n<meta property=\"og:locale\" content=\"nb_NO\" \/>\n<meta property=\"og:type\" content=\"article\" \/>\n<meta property=\"og:title\" content=\"Inf\u00e4llnadspaket Luxtar Twilight &gt;&gt;CANBUS\" \/>\n<meta property=\"og:description\" content=\"Uppgradera din bils belysning med Luxtar Twilight Inbyggnadspaket &gt;&gt;CANBUS&lt;&lt;. Detta kompletta paket erbjuder kraftfull prestanda, optimal h\u00e5llbarhet och enkel installation \u2013 perfekt f\u00f6r s\u00e4krare k\u00f6rning och b\u00e4ttre sikt under alla f\u00f6rh\u00e5llanden.\" \/>\n<meta property=\"og:url\" content=\"https:\/\/xenonkungen.com\/no\/produkt\/tilpasset-pakke-luxtar-twilight-canbus\/\" \/>\n<meta property=\"og:site_name\" content=\"Xenonkungen\" \/>\n<meta property=\"article:modified_time\" content=\"2026-05-13T15:03:45+00:00\" \/>\n<meta property=\"og:image\" content=\"https:\/\/xenonkungen.com\/wp-content\/uploads\/2025\/05\/216090507-origpic-ef28bc-1.jpg\" \/>\n\t<meta property=\"og:image:width\" content=\"1920\" \/>\n\t<meta property=\"og:image:height\" content=\"1103\" \/>\n\t<meta property=\"og:image:type\" content=\"image\/jpeg\" \/>\n<meta name=\"twitter:card\" content=\"summary_large_image\" \/>\n<meta name=\"twitter:label1\" content=\"Ansl. lesetid\" \/>\n\t<meta name=\"twitter:data1\" content=\"2 minutter\" \/>\n<script type=\"application\/ld+json\" class=\"yoast-schema-graph\">{\"@context\":\"https:\/\/schema.org\",\"@graph\":[{\"@type\":\"WebPage\",\"@id\":\"https:\/\/xenonkungen.com\/produkt\/infallnadspaket-luxtar-twilight-canbus\/\",\"url\":\"https:\/\/xenonkungen.com\/produkt\/infallnadspaket-luxtar-twilight-canbus\/\",\"name\":\"Inf\u00e4llnadspaket Luxtar Twilight >>CANBUS\",\"isPartOf\":{\"@id\":\"https:\/\/xenonkungen.com\/#website\"},\"primaryImageOfPage\":{\"@id\":\"https:\/\/xenonkungen.com\/produkt\/infallnadspaket-luxtar-twilight-canbus\/#primaryimage\"},\"image\":{\"@id\":\"https:\/\/xenonkungen.com\/produkt\/infallnadspaket-luxtar-twilight-canbus\/#primaryimage\"},\"thumbnailUrl\":\"https:\/\/xenonkungen.com\/wp-content\/uploads\/2025\/05\/216090507-origpic-ef28bc-1.jpg\",\"datePublished\":\"2025-05-20T08:00:25+00:00\",\"dateModified\":\"2026-05-13T15:03:45+00:00\",\"breadcrumb\":{\"@id\":\"https:\/\/xenonkungen.com\/produkt\/infallnadspaket-luxtar-twilight-canbus\/#breadcrumb\"},\"inLanguage\":\"nb-NO\",\"potentialAction\":[{\"@type\":\"ReadAction\",\"target\":[\"https:\/\/xenonkungen.com\/produkt\/infallnadspaket-luxtar-twilight-canbus\/\"]}]},{\"@type\":\"ImageObject\",\"inLanguage\":\"nb-NO\",\"@id\":\"https:\/\/xenonkungen.com\/produkt\/infallnadspaket-luxtar-twilight-canbus\/#primaryimage\",\"url\":\"https:\/\/xenonkungen.com\/wp-content\/uploads\/2025\/05\/216090507-origpic-ef28bc-1.jpg\",\"contentUrl\":\"https:\/\/xenonkungen.com\/wp-content\/uploads\/2025\/05\/216090507-origpic-ef28bc-1.jpg\",\"width\":1920,\"height\":1103},{\"@type\":\"BreadcrumbList\",\"@id\":\"https:\/\/xenonkungen.com\/produkt\/infallnadspaket-luxtar-twilight-canbus\/#breadcrumb\",\"itemListElement\":[{\"@type\":\"ListItem\",\"position\":1,\"name\":\"Hem\",\"item\":\"https:\/\/xenonkungen.com\/\"},{\"@type\":\"ListItem\",\"position\":2,\"name\":\"Shop\",\"item\":\"https:\/\/xenonkungen.com\/shop\/\"},{\"@type\":\"ListItem\",\"position\":3,\"name\":\"Inf\u00e4llnadspaket Luxtar Twilight >>CANBUS\"}]},{\"@type\":\"WebSite\",\"@id\":\"https:\/\/xenonkungen.com\/#website\",\"url\":\"https:\/\/xenonkungen.com\/\",\"name\":\"Xenonkungen\",\"description\":\"\",\"potentialAction\":[{\"@type\":\"SearchAction\",\"target\":{\"@type\":\"EntryPoint\",\"urlTemplate\":\"https:\/\/xenonkungen.com\/?s={search_term_string}\"},\"query-input\":{\"@type\":\"PropertyValueSpecification\",\"valueRequired\":true,\"valueName\":\"search_term_string\"}}],\"inLanguage\":\"nb-NO\"}]}<\/script>\n<!-- \/ Yoast SEO plugin. -->","yoast_head_json":{"title":"Luxtar Twilight innbyggingssett &gt;&gt;CANBUS","robots":{"index":"index","follow":"follow","max-snippet":"max-snippet:-1","max-image-preview":"max-image-preview:large","max-video-preview":"max-video-preview:-1"},"canonical":"https:\/\/xenonkungen.com\/no\/produkt\/tilpasset-pakke-luxtar-twilight-canbus\/","og_locale":"nb_NO","og_type":"article","og_title":"Inf\u00e4llnadspaket Luxtar Twilight >>CANBUS","og_description":"Uppgradera din bils belysning med Luxtar Twilight Inbyggnadspaket &gt;&gt;CANBUS&lt;&lt;. Detta kompletta paket erbjuder kraftfull prestanda, optimal h\u00e5llbarhet och enkel installation \u2013 perfekt f\u00f6r s\u00e4krare k\u00f6rning och b\u00e4ttre sikt under alla f\u00f6rh\u00e5llanden.","og_url":"https:\/\/xenonkungen.com\/no\/produkt\/tilpasset-pakke-luxtar-twilight-canbus\/","og_site_name":"Xenonkungen","article_modified_time":"2026-05-13T15:03:45+00:00","og_image":[{"width":1920,"height":1103,"url":"https:\/\/xenonkungen.com\/wp-content\/uploads\/2025\/05\/216090507-origpic-ef28bc-1.jpg","type":"image\/jpeg"}],"twitter_card":"summary_large_image","twitter_misc":{"Ansl. lesetid":"2 minutter"},"schema":{"@context":"https:\/\/schema.org","@graph":[{"@type":"WebPage","@id":"https:\/\/xenonkungen.com\/produkt\/infallnadspaket-luxtar-twilight-canbus\/","url":"https:\/\/xenonkungen.com\/produkt\/infallnadspaket-luxtar-twilight-canbus\/","name":"Luxtar Twilight innbyggingssett &gt;&gt;CANBUS","isPartOf":{"@id":"https:\/\/xenonkungen.com\/#website"},"primaryImageOfPage":{"@id":"https:\/\/xenonkungen.com\/produkt\/infallnadspaket-luxtar-twilight-canbus\/#primaryimage"},"image":{"@id":"https:\/\/xenonkungen.com\/produkt\/infallnadspaket-luxtar-twilight-canbus\/#primaryimage"},"thumbnailUrl":"https:\/\/xenonkungen.com\/wp-content\/uploads\/2025\/05\/216090507-origpic-ef28bc-1.jpg","datePublished":"2025-05-20T08:00:25+00:00","dateModified":"2026-05-13T15:03:45+00:00","breadcrumb":{"@id":"https:\/\/xenonkungen.com\/produkt\/infallnadspaket-luxtar-twilight-canbus\/#breadcrumb"},"inLanguage":"nb-NO","potentialAction":[{"@type":"ReadAction","target":["https:\/\/xenonkungen.com\/produkt\/infallnadspaket-luxtar-twilight-canbus\/"]}]},{"@type":"ImageObject","inLanguage":"nb-NO","@id":"https:\/\/xenonkungen.com\/produkt\/infallnadspaket-luxtar-twilight-canbus\/#primaryimage","url":"https:\/\/xenonkungen.com\/wp-content\/uploads\/2025\/05\/216090507-origpic-ef28bc-1.jpg","contentUrl":"https:\/\/xenonkungen.com\/wp-content\/uploads\/2025\/05\/216090507-origpic-ef28bc-1.jpg","width":1920,"height":1103},{"@type":"BreadcrumbList","@id":"https:\/\/xenonkungen.com\/produkt\/infallnadspaket-luxtar-twilight-canbus\/#breadcrumb","itemListElement":[{"@type":"ListItem","position":1,"name":"Hem","item":"https:\/\/xenonkungen.com\/"},{"@type":"ListItem","position":2,"name":"Shop","item":"https:\/\/xenonkungen.com\/shop\/"},{"@type":"ListItem","position":3,"name":"Inf\u00e4llnadspaket Luxtar Twilight >>CANBUS"}]},{"@type":"WebSite","@id":"https:\/\/xenonkungen.com\/#website","url":"https:\/\/xenonkungen.com\/","name":"Xenonkungen","description":"","potentialAction":[{"@type":"SearchAction","target":{"@type":"EntryPoint","urlTemplate":"https:\/\/xenonkungen.com\/?s={search_term_string}"},"query-input":{"@type":"PropertyValueSpecification","valueRequired":true,"valueName":"search_term_string"}}],"inLanguage":"nb-NO"}]}},"taxonomy_info":{"anvandningsomrade":[{"value":207,"label":"Husbil"},{"value":166,"label":"Lastbil"},{"value":167,"label":"PERSONBIL"},{"value":1915,"label":"Sk\u00e5pbil"}],"bilmarken":[{"value":168,"label":"Alla"}],"product_brand":[{"value":103,"label":"LUXTAR"}],"product_cat":[{"value":2539,"label":"LEDRAMPER"},{"value":2826,"label":"LUXTAR"},{"value":2542,"label":"Luxtar Twilight"},{"value":18,"label":"LED Ramper \/ Ljusramper"},{"value":20,"label":"Luxtar Twilight"},{"value":2159,"label":"LUXTAR Twilight"},{"value":1916,"label":"Ledrampspaket"}],"product_tag":[{"value":2726,"label":"produktpaket"}],"pa_faktisk-effekts-forbrukning":[{"value":153,"label":"284"}],"pa_fargtemperatur":[{"value":154,"label":"5000K"}],"pa_fuktskydd-varde-ipxx":[{"value":155,"label":"IP69K"}],"pa_godkannande":[{"value":297,"label":"E-godk\u00e4nd, R112, R10, R148, R149"}],"pa_lampsockel-kontakt":[{"value":358,"label":"DTP-4"}],"pa_led-chips-effekt-w":[{"value":152,"label":"300"}],"pa_ljusbild":[{"value":178,"label":"Driving"}],"pa_storlek-mm":[{"value":151,"label":"508x45x65"}],"pa_stromforbrukning":[{"value":162,"label":"20,7A @13,7V"}],"pa_volt-v":[{"value":2186,"label":"9, 12, 24, 32"}]},"featured_image_src_large":["https:\/\/xenonkungen.com\/wp-content\/uploads\/2025\/05\/216090507-origpic-ef28bc-1-1024x588.jpg",1024,588,true],"author_info":[],"comment_info":1,"_links":{"self":[{"href":"https:\/\/xenonkungen.com\/no\/wp-json\/wp\/v2\/product\/9509","targetHints":{"allow":["GET"]}}],"collection":[{"href":"https:\/\/xenonkungen.com\/no\/wp-json\/wp\/v2\/product"}],"about":[{"href":"https:\/\/xenonkungen.com\/no\/wp-json\/wp\/v2\/types\/product"}],"replies":[{"embeddable":true,"href":"https:\/\/xenonkungen.com\/no\/wp-json\/wp\/v2\/comments?post=9509"}],"wp:featuredmedia":[{"embeddable":true,"href":"https:\/\/xenonkungen.com\/no\/wp-json\/wp\/v2\/media\/10036"}],"wp:attachment":[{"href":"https:\/\/xenonkungen.com\/no\/wp-json\/wp\/v2\/media?parent=9509"}],"wp:term":[{"taxonomy":"anvandningsomrade","embeddable":true,"href":"https:\/\/xenonkungen.com\/no\/wp-json\/wp\/v2\/anvandningsomrade?post=9509"},{"taxonomy":"bilmarken","embeddable":true,"href":"https:\/\/xenonkungen.com\/no\/wp-json\/wp\/v2\/bilmarken?post=9509"},{"taxonomy":"product_brand","embeddable":true,"href":"https:\/\/xenonkungen.com\/no\/wp-json\/wp\/v2\/product_brand?post=9509"},{"taxonomy":"product_cat","embeddable":true,"href":"https:\/\/xenonkungen.com\/no\/wp-json\/wp\/v2\/product_cat?post=9509"},{"taxonomy":"product_tag","embeddable":true,"href":"https:\/\/xenonkungen.com\/no\/wp-json\/wp\/v2\/product_tag?post=9509"}],"curies":[{"name":"wp","href":"https:\/\/api.w.org\/{rel}","templated":true}]}}