{"id":957,"date":"2025-04-15T08:37:55","date_gmt":"2025-04-15T08:37:55","guid":{"rendered":"https:\/\/xenonkungen.com\/product\/luxtar-ledramp-s14-drl-72w\/"},"modified":"2026-04-24T16:41:55","modified_gmt":"2026-04-24T15:41:55","slug":"luxtar-led-lampe-s14-kjorelys-72w","status":"publish","type":"product","link":"https:\/\/xenonkungen.com\/no\/produkt\/luxtar-led-lampe-s14-kjorelys-72w\/","title":{"rendered":"LUXTAR\u00ae Ledrampe S14 DRL | 72W <35cm>"},"content":{"rendered":"<p>Luxtar S-Series 14 Dual Edition er etter v\u00e5r mening en av de skarpeste rampene p\u00e5 markedet, samtidig som den har et veldig fint design.<\/p>\n<p>Med en kraftig 12 W-brikke gir den et lys som varer veldig lenge og forsterker det eksisterende fjernlyset ditt med flere ganger s\u00e5 mye lys!<\/p>\n<p>Takket v\u00e6re den avanserte reflektoren unng\u00e5r du s\u00f8l b\u00e5de oppover og nedover. Det betyr at lyset havner der det gj\u00f8r nytte, nemlig foran!<\/p>\n<p>Luxtar S14 Dual Edition er bygget av aluminium, og designet er utrolig aerodynamisk for ikke \u00e5 skape turbulens og st\u00f8y n\u00e5r du kj\u00f8rer. Det pulverlakkerte chassiset og polykarbonatlinsen bidrar til \u00e5 sikre at du ikke trenger \u00e5 bekymre deg for un\u00f8dvendig slitasje p\u00e5 rampens utseende.<\/p>\n<p>Det integrerte posisjonslyset gir et stilig utseende. Rampen har b\u00e5de gult (oransje) og hvitt posisjonslys, slik at du kan velge etter din egen smak!<\/p>\n<p>LED-rampen leveres med b\u00e5de braketter for montering i bunnen og sidebraketter. Dette gj\u00f8r det enkelt \u00e5 montere den p\u00e5 flere forskjellige m\u00e5ter.<\/p>","protected":false},"excerpt":{"rendered":"<p>Luxtar S-Series S14 Dual Edition er den perfekte rampen som kombinerer god ytelse med stilig design!<\/p>","protected":false},"featured_media":2484,"comment_status":"closed","ping_status":"closed","template":"","meta":{"_acf_changed":false,"_smort_price_nok":"801","_smort_price_dkk":"1014","_smort_price_eur":"135.9","_smort_sale_price_nok":"801","_smort_sale_price_dkk":"","_smort_sale_price_eur":"81.36","smort_restorder":"","shipmondo_restorder":"","_kad_blocks_custom_css":"","_kad_blocks_head_custom_js":"","_kad_blocks_body_custom_js":"","_kad_blocks_footer_custom_js":"","smort_custom_pricelist_1":"956.8","smort_custom_pricelist_2":"837.2","smort_custom_pricelist_3":"795.34","smort_custom_pricelist_4":"1196","smort_custom_pricelist_5":"837.2"},"anvandningsomrade":[],"bilmarken":[],"product_brand":[103],"product_cat":[2966,2539,2826,2540,1402],"product_tag":[],"class_list":{"0":"post-957","1":"product","2":"type-product","3":"status-publish","4":"has-post-thumbnail","6":"product_brand-luxtar","7":"product_cat-ledramp-rak","8":"product_cat-ledramper","9":"product_cat-luxtar","10":"product_cat-luxtar-s-serie","11":"product_cat-outlet","12":"pa_faktisk-effekts-forbrukning-306","13":"pa_fargtemperatur-6000k","14":"pa_fuktskydd-varde-ipxx-ip68","15":"pa_godkannande-e9-r10","16":"pa_lampsockel-kontakt-9006-hb4","17":"pa_led-chips-effekt-w-305","18":"pa_ljusbild-flood","19":"pa_storlek-mm-345x50x65","20":"pa_stromforbrukning-2a24v","21":"pa_stromforbrukning-4a12v","22":"pa_volt-v-12-24","24":"first","25":"instock","26":"taxable","27":"shipping-taxable","28":"purchasable","29":"product-type-simple"},"bundled_by":[],"bundle_stock_status":"instock","bundle_stock_quantity":105,"bundle_virtual":false,"bundle_layout":"","bundle_add_to_cart_form_location":"","bundle_editable_in_cart":false,"bundle_sold_individually_context":"","bundle_item_grouping":"","bundle_min_size":"","bundle_max_size":"","bundle_price":[],"bundled_items":[],"bundle_sell_ids":[],"acf":[],"yoast_head":"<!-- This site is optimized with the Yoast SEO plugin v27.0 - https:\/\/yoast.com\/product\/yoast-seo-wordpress\/ -->\n<title>LUXTAR\u00ae Ledramp S14 DRL | 72W  - Xenonkungen<\/title>\n<meta name=\"robots\" content=\"index, follow, max-snippet:-1, max-image-preview:large, max-video-preview:-1\" \/>\n<link rel=\"canonical\" href=\"https:\/\/xenonkungen.com\/no\/produkt\/luxtar-led-lampe-s14-kjorelys-72w\/\" \/>\n<meta property=\"og:locale\" content=\"nb_NO\" \/>\n<meta property=\"og:type\" content=\"article\" \/>\n<meta property=\"og:title\" content=\"LUXTAR\u00ae Ledramp S14 DRL | 72W  - Xenonkungen\" \/>\n<meta property=\"og:description\" content=\"Luxtar S-Series S14 Dual Edition \u00e4r den perfekta rampen som kombinerar fantastisk prestanda med snygg design!\" \/>\n<meta property=\"og:url\" content=\"https:\/\/xenonkungen.com\/no\/produkt\/luxtar-led-lampe-s14-kjorelys-72w\/\" \/>\n<meta property=\"og:site_name\" content=\"Xenonkungen\" \/>\n<meta property=\"article:modified_time\" content=\"2026-04-24T15:41:55+00:00\" \/>\n<meta property=\"og:image\" content=\"https:\/\/xenonkungen.com\/wp-content\/uploads\/2025\/04\/LUXTAR-S-Series-Narbild-1000px.png\" \/>\n\t<meta property=\"og:image:width\" content=\"1000\" \/>\n\t<meta property=\"og:image:height\" content=\"992\" \/>\n\t<meta property=\"og:image:type\" content=\"image\/png\" \/>\n<meta name=\"twitter:card\" content=\"summary_large_image\" \/>\n<meta name=\"twitter:label1\" content=\"Ansl. lesetid\" \/>\n\t<meta name=\"twitter:data1\" content=\"1 minutt\" \/>\n<script type=\"application\/ld+json\" class=\"yoast-schema-graph\">{\"@context\":\"https:\/\/schema.org\",\"@graph\":[{\"@type\":\"WebPage\",\"@id\":\"https:\/\/xenonkungen.com\/produkt\/luxtar-ledramp-s14-drl-72w\/\",\"url\":\"https:\/\/xenonkungen.com\/produkt\/luxtar-ledramp-s14-drl-72w\/\",\"name\":\"LUXTAR\u00ae Ledramp S14 DRL | 72W - Xenonkungen\",\"isPartOf\":{\"@id\":\"https:\/\/xenonkungen.com\/#website\"},\"primaryImageOfPage\":{\"@id\":\"https:\/\/xenonkungen.com\/produkt\/luxtar-ledramp-s14-drl-72w\/#primaryimage\"},\"image\":{\"@id\":\"https:\/\/xenonkungen.com\/produkt\/luxtar-ledramp-s14-drl-72w\/#primaryimage\"},\"thumbnailUrl\":\"https:\/\/xenonkungen.com\/wp-content\/uploads\/2025\/04\/LUXTAR-S-Series-Narbild-1000px.png\",\"datePublished\":\"2025-04-15T08:37:55+00:00\",\"dateModified\":\"2026-04-24T15:41:55+00:00\",\"breadcrumb\":{\"@id\":\"https:\/\/xenonkungen.com\/produkt\/luxtar-ledramp-s14-drl-72w\/#breadcrumb\"},\"inLanguage\":\"nb-NO\",\"potentialAction\":[{\"@type\":\"ReadAction\",\"target\":[\"https:\/\/xenonkungen.com\/produkt\/luxtar-ledramp-s14-drl-72w\/\"]}]},{\"@type\":\"ImageObject\",\"inLanguage\":\"nb-NO\",\"@id\":\"https:\/\/xenonkungen.com\/produkt\/luxtar-ledramp-s14-drl-72w\/#primaryimage\",\"url\":\"https:\/\/xenonkungen.com\/wp-content\/uploads\/2025\/04\/LUXTAR-S-Series-Narbild-1000px.png\",\"contentUrl\":\"https:\/\/xenonkungen.com\/wp-content\/uploads\/2025\/04\/LUXTAR-S-Series-Narbild-1000px.png\",\"width\":1000,\"height\":992},{\"@type\":\"BreadcrumbList\",\"@id\":\"https:\/\/xenonkungen.com\/produkt\/luxtar-ledramp-s14-drl-72w\/#breadcrumb\",\"itemListElement\":[{\"@type\":\"ListItem\",\"position\":1,\"name\":\"Hem\",\"item\":\"https:\/\/xenonkungen.com\/\"},{\"@type\":\"ListItem\",\"position\":2,\"name\":\"Shop\",\"item\":\"https:\/\/xenonkungen.com\/shop\/\"},{\"@type\":\"ListItem\",\"position\":3,\"name\":\"LUXTAR\u00ae Ledramp S14 DRL | 72W\"}]},{\"@type\":\"WebSite\",\"@id\":\"https:\/\/xenonkungen.com\/#website\",\"url\":\"https:\/\/xenonkungen.com\/\",\"name\":\"Xenonkungen\",\"description\":\"\",\"potentialAction\":[{\"@type\":\"SearchAction\",\"target\":{\"@type\":\"EntryPoint\",\"urlTemplate\":\"https:\/\/xenonkungen.com\/?s={search_term_string}\"},\"query-input\":{\"@type\":\"PropertyValueSpecification\",\"valueRequired\":true,\"valueName\":\"search_term_string\"}}],\"inLanguage\":\"nb-NO\"}]}<\/script>\n<!-- \/ Yoast SEO plugin. -->","yoast_head_json":{"title":"LUXTAR\u00ae LED-rampe S14 DRL | 72W \u2013 Xenon-kongen","robots":{"index":"index","follow":"follow","max-snippet":"max-snippet:-1","max-image-preview":"max-image-preview:large","max-video-preview":"max-video-preview:-1"},"canonical":"https:\/\/xenonkungen.com\/no\/produkt\/luxtar-led-lampe-s14-kjorelys-72w\/","og_locale":"nb_NO","og_type":"article","og_title":"LUXTAR\u00ae Ledramp S14 DRL | 72W  - Xenonkungen","og_description":"Luxtar S-Series S14 Dual Edition \u00e4r den perfekta rampen som kombinerar fantastisk prestanda med snygg design!","og_url":"https:\/\/xenonkungen.com\/no\/produkt\/luxtar-led-lampe-s14-kjorelys-72w\/","og_site_name":"Xenonkungen","article_modified_time":"2026-04-24T15:41:55+00:00","og_image":[{"width":1000,"height":992,"url":"https:\/\/xenonkungen.com\/wp-content\/uploads\/2025\/04\/LUXTAR-S-Series-Narbild-1000px.png","type":"image\/png"}],"twitter_card":"summary_large_image","twitter_misc":{"Ansl. lesetid":"1 minutt"},"schema":{"@context":"https:\/\/schema.org","@graph":[{"@type":"WebPage","@id":"https:\/\/xenonkungen.com\/produkt\/luxtar-ledramp-s14-drl-72w\/","url":"https:\/\/xenonkungen.com\/produkt\/luxtar-ledramp-s14-drl-72w\/","name":"LUXTAR\u00ae LED-rampe S14 DRL | 72W \u2013 Xenon-kongen","isPartOf":{"@id":"https:\/\/xenonkungen.com\/#website"},"primaryImageOfPage":{"@id":"https:\/\/xenonkungen.com\/produkt\/luxtar-ledramp-s14-drl-72w\/#primaryimage"},"image":{"@id":"https:\/\/xenonkungen.com\/produkt\/luxtar-ledramp-s14-drl-72w\/#primaryimage"},"thumbnailUrl":"https:\/\/xenonkungen.com\/wp-content\/uploads\/2025\/04\/LUXTAR-S-Series-Narbild-1000px.png","datePublished":"2025-04-15T08:37:55+00:00","dateModified":"2026-04-24T15:41:55+00:00","breadcrumb":{"@id":"https:\/\/xenonkungen.com\/produkt\/luxtar-ledramp-s14-drl-72w\/#breadcrumb"},"inLanguage":"nb-NO","potentialAction":[{"@type":"ReadAction","target":["https:\/\/xenonkungen.com\/produkt\/luxtar-ledramp-s14-drl-72w\/"]}]},{"@type":"ImageObject","inLanguage":"nb-NO","@id":"https:\/\/xenonkungen.com\/produkt\/luxtar-ledramp-s14-drl-72w\/#primaryimage","url":"https:\/\/xenonkungen.com\/wp-content\/uploads\/2025\/04\/LUXTAR-S-Series-Narbild-1000px.png","contentUrl":"https:\/\/xenonkungen.com\/wp-content\/uploads\/2025\/04\/LUXTAR-S-Series-Narbild-1000px.png","width":1000,"height":992},{"@type":"BreadcrumbList","@id":"https:\/\/xenonkungen.com\/produkt\/luxtar-ledramp-s14-drl-72w\/#breadcrumb","itemListElement":[{"@type":"ListItem","position":1,"name":"Hem","item":"https:\/\/xenonkungen.com\/"},{"@type":"ListItem","position":2,"name":"Shop","item":"https:\/\/xenonkungen.com\/shop\/"},{"@type":"ListItem","position":3,"name":"LUXTAR\u00ae Ledramp S14 DRL | 72W"}]},{"@type":"WebSite","@id":"https:\/\/xenonkungen.com\/#website","url":"https:\/\/xenonkungen.com\/","name":"Xenonkungen","description":"","potentialAction":[{"@type":"SearchAction","target":{"@type":"EntryPoint","urlTemplate":"https:\/\/xenonkungen.com\/?s={search_term_string}"},"query-input":{"@type":"PropertyValueSpecification","valueRequired":true,"valueName":"search_term_string"}}],"inLanguage":"nb-NO"}]}},"taxonomy_info":{"product_brand":[{"value":103,"label":"LUXTAR"}],"product_cat":[{"value":2966,"label":"Ledramp Rak"},{"value":2539,"label":"LEDRAMPER"},{"value":2826,"label":"LUXTAR"},{"value":2540,"label":"Luxtar S-Serie"},{"value":1402,"label":"Outlet"}],"pa_faktisk-effekts-forbrukning":[{"value":306,"label":"48"}],"pa_fargtemperatur":[{"value":188,"label":"6000K"}],"pa_fuktskydd-varde-ipxx":[{"value":177,"label":"IP68"}],"pa_godkannande":[{"value":814,"label":"E9, R10"}],"pa_lampsockel-kontakt":[{"value":326,"label":"9006 , HB4"}],"pa_led-chips-effekt-w":[{"value":305,"label":"72"}],"pa_ljusbild":[{"value":503,"label":"FLOOD"}],"pa_storlek-mm":[{"value":811,"label":"345x50x65"}],"pa_stromforbrukning":[{"value":813,"label":"2A@24V"},{"value":812,"label":"4A@12V"}],"pa_volt-v":[{"value":348,"label":"12, 24"}]},"featured_image_src_large":["https:\/\/xenonkungen.com\/wp-content\/uploads\/2025\/04\/LUXTAR-S-Series-Narbild-1000px.png",1000,992,false],"author_info":[],"comment_info":1,"_links":{"self":[{"href":"https:\/\/xenonkungen.com\/no\/wp-json\/wp\/v2\/product\/957","targetHints":{"allow":["GET"]}}],"collection":[{"href":"https:\/\/xenonkungen.com\/no\/wp-json\/wp\/v2\/product"}],"about":[{"href":"https:\/\/xenonkungen.com\/no\/wp-json\/wp\/v2\/types\/product"}],"replies":[{"embeddable":true,"href":"https:\/\/xenonkungen.com\/no\/wp-json\/wp\/v2\/comments?post=957"}],"wp:featuredmedia":[{"embeddable":true,"href":"https:\/\/xenonkungen.com\/no\/wp-json\/wp\/v2\/media\/2484"}],"wp:attachment":[{"href":"https:\/\/xenonkungen.com\/no\/wp-json\/wp\/v2\/media?parent=957"}],"wp:term":[{"taxonomy":"anvandningsomrade","embeddable":true,"href":"https:\/\/xenonkungen.com\/no\/wp-json\/wp\/v2\/anvandningsomrade?post=957"},{"taxonomy":"bilmarken","embeddable":true,"href":"https:\/\/xenonkungen.com\/no\/wp-json\/wp\/v2\/bilmarken?post=957"},{"taxonomy":"product_brand","embeddable":true,"href":"https:\/\/xenonkungen.com\/no\/wp-json\/wp\/v2\/product_brand?post=957"},{"taxonomy":"product_cat","embeddable":true,"href":"https:\/\/xenonkungen.com\/no\/wp-json\/wp\/v2\/product_cat?post=957"},{"taxonomy":"product_tag","embeddable":true,"href":"https:\/\/xenonkungen.com\/no\/wp-json\/wp\/v2\/product_tag?post=957"}],"curies":[{"name":"wp","href":"https:\/\/api.w.org\/{rel}","templated":true}]}}