{"id":9633,"date":"2025-05-20T08:04:14","date_gmt":"2025-05-20T08:04:14","guid":{"rendered":"https:\/\/xenonkungen.com\/product\/lazer-linear-18-elite-paket-tesla\/"},"modified":"2026-04-17T16:21:29","modified_gmt":"2026-04-17T15:21:29","slug":"lazer-linear-18-elite-pakke-tesla","status":"publish","type":"product","link":"https:\/\/xenonkungen.com\/no\/produkt\/lazer-linear-18-elite-pakke-tesla\/","title":{"rendered":"Lazer Linear 18 Elite-pakke Tesla"},"content":{"rendered":"<h1>Kraftig Lazer Linear 18 Elite LED-rampe - optimal belysning under alle forhold<\/h1>\n<p>Lazer Linear 18 Elite er den ultimate l\u00f8sningen for deg som trenger h\u00f8yytelsesbelysning p\u00e5 veien. Med sin banebrytende design og overlegne ytelse er denne ekstra lyspakken det perfekte valget for alle typer terreng og veiforhold.<\/p>\n<h2>Design og installasjon<\/h2>\n<p>Linear 18 Elite har en slank og aerodynamisk design som gj\u00f8r den ideell for montering selv p\u00e5 trange steder. Den robuste konstruksjonen og den uknuselige polykarbonatlinsen er bygget for \u00e5 t\u00e5le t\u00f8ffe forhold og avvise sn\u00f8 og smuss for \u00e5 sikre jevn lyskvalitet.<\/p>\n<h2>Ytelse og lysstr\u00f8m<\/h2>\n<p>Linear 18 Elite er utstyrt med 3 W LED-lamper av h\u00f8y kvalitet og har en imponerende lysstr\u00f8m p\u00e5 12150 lm med en fargetemperatur p\u00e5 5000K. Den har et effektivt str\u00f8mforbruk p\u00e5 126 watt og et spenningsomr\u00e5de mellom 10-32 V DC for p\u00e5litelig ytelse i lang tid.<\/p>\n<h3>5 \u00e5rs funksjonsgaranti<\/h3>\n<p>Med Lazer Linear 18 Elite f\u00e5r du ikke bare overlegen belysning, men ogs\u00e5 tryggheten av en 5-\u00e5rs funksjonsgaranti. Dette garanterer at rampen din vil prestere p\u00e5 toppniv\u00e5 i lang tid fremover.<\/p>\n<h2>Medf\u00f8lgende tilbeh\u00f8r<\/h2>\n<p>For en problemfri installasjon er alle n\u00f8dvendige fester, kabler og XBB Dongle+Powerunit og adapter inkludert for enkel og s\u00f8ml\u00f8s integrering med kj\u00f8ret\u00f8yet.<\/p>\n<p>Oppgrader bilens belysning til neste niv\u00e5 med Lazer Linear 18 Elite, og nyt overlegen sikt og sikkerhet uansett terreng.<\/p>","protected":false},"excerpt":{"rendered":"<p>Kraftfullt Lysande Lazer Linear 18 Elite LED-Ramp &#8211; Optimal Belysning f\u00f6r Alla F\u00f6rh\u00e5llanden Lazer Linear 18 Elite \u00e4r den ultimata l\u00f6sningen f\u00f6r dem som kr\u00e4ver h\u00f6gpresterande belysning p\u00e5 v\u00e4gen. Med sin banbrytande design och \u00f6verl\u00e4gsen prestanda \u00e4r detta extraljuspaket det perfekta valet f\u00f6r alla terr\u00e4nger och v\u00e4gf\u00f6rh\u00e5llanden. Design och Installation Linear 18 Elite har en [&hellip;]<\/p>","protected":false},"featured_media":10136,"comment_status":"closed","ping_status":"open","template":"","meta":{"_acf_changed":false,"_smort_price_nok":"13667","_smort_price_dkk":"8682","_smort_price_eur":"1163.13","_smort_sale_price_nok":"","_smort_sale_price_dkk":"","_smort_sale_price_eur":"","smort_restorder":"","shipmondo_restorder":"","_kad_blocks_custom_css":"","_kad_blocks_head_custom_js":"","_kad_blocks_body_custom_js":"","_kad_blocks_footer_custom_js":"","smort_custom_pricelist_1":"9212.4","smort_custom_pricelist_2":"8188.8","smort_custom_pricelist_3":"8188.8","smort_custom_pricelist_4":"10236","smort_custom_pricelist_5":"8188.8"},"anvandningsomrade":[167],"bilmarken":[290],"product_brand":[1124,98],"product_cat":[2832,2166,1916],"product_tag":[2735,2726],"class_list":{"0":"post-9633","1":"product","2":"type-product","3":"status-publish","4":"has-post-thumbnail","6":"anvandningsomrade-personbil","7":"bilmarken-tesla","8":"product_brand-lazer","9":"product_brand-lazer-lamps","10":"product_cat-ledrampspaket-tesla","11":"product_cat-lazer-linear","12":"product_cat-ledrampspaket","13":"product_tag-lazer","14":"product_tag-produktpaket","15":"pa_faktisk-effekts-forbrukning-2231","16":"pa_fargtemperatur-5000k","17":"pa_fuktskydd-varde-ipxx-ip68","18":"pa_godkannande-ece-r112","19":"pa_lampsockel-kontakt-superseal","20":"pa_led-chips-effekt-w-1141","21":"pa_storlek-mm-532x62x40","22":"pa_stromforbrukning-9a-144v","23":"pa_volt-v-10-12-24-32","25":"first","26":"onbackorder","27":"taxable","28":"shipping-taxable","29":"purchasable","30":"product-type-bundle"},"bundled_by":[],"bundle_stock_status":"instock","bundle_stock_quantity":"","bundle_virtual":false,"bundle_layout":"default","bundle_add_to_cart_form_location":"default","bundle_editable_in_cart":false,"bundle_sold_individually_context":"product","bundle_item_grouping":"parent","bundle_min_size":"","bundle_max_size":"","bundle_price":{"price":{"min":{"incl_tax":"13666.73","excl_tax":"10933.38042012"},"max":{"incl_tax":"13666.73","excl_tax":"10933.38042012"}},"regular_price":{"min":{"incl_tax":"13666.73","excl_tax":"10933.38042012"},"max":{"incl_tax":"13666.73","excl_tax":"10933.38042012"}}},"bundled_items":[{"bundled_item_id":373,"product_id":9723,"menu_order":0,"quantity_min":1,"quantity_max":1,"quantity_default":1,"priced_individually":false,"shipped_individually":false,"override_title":false,"title":"","override_description":false,"description":"","optional":false,"hide_thumbnail":false,"discount":null,"override_variations":false,"allowed_variations":[],"override_default_variation_attributes":false,"default_variation_attributes":[],"single_product_visibility":"visible","cart_visibility":"visible","order_visibility":"visible","single_product_price_visibility":"visible","cart_price_visibility":"visible","order_price_visibility":"visible","stock_status":"in_stock"},{"bundled_item_id":374,"product_id":6288,"menu_order":0,"quantity_min":1,"quantity_max":1,"quantity_default":1,"priced_individually":false,"shipped_individually":false,"override_title":false,"title":"","override_description":false,"description":"","optional":false,"hide_thumbnail":false,"discount":null,"override_variations":false,"allowed_variations":[],"override_default_variation_attributes":false,"default_variation_attributes":[],"single_product_visibility":"visible","cart_visibility":"visible","order_visibility":"visible","single_product_price_visibility":"visible","cart_price_visibility":"visible","order_price_visibility":"visible","stock_status":"on_backorder"},{"bundled_item_id":375,"product_id":2747,"menu_order":0,"quantity_min":1,"quantity_max":1,"quantity_default":1,"priced_individually":false,"shipped_individually":false,"override_title":false,"title":"","override_description":false,"description":"","optional":false,"hide_thumbnail":false,"discount":null,"override_variations":false,"allowed_variations":[],"override_default_variation_attributes":false,"default_variation_attributes":[],"single_product_visibility":"visible","cart_visibility":"visible","order_visibility":"visible","single_product_price_visibility":"visible","cart_price_visibility":"visible","order_price_visibility":"visible","stock_status":"in_stock"},{"bundled_item_id":376,"product_id":1536,"menu_order":0,"quantity_min":1,"quantity_max":1,"quantity_default":1,"priced_individually":false,"shipped_individually":false,"override_title":false,"title":"","override_description":false,"description":"","optional":false,"hide_thumbnail":false,"discount":null,"override_variations":false,"allowed_variations":[],"override_default_variation_attributes":false,"default_variation_attributes":[],"single_product_visibility":"visible","cart_visibility":"visible","order_visibility":"visible","single_product_price_visibility":"visible","cart_price_visibility":"visible","order_price_visibility":"visible","stock_status":"in_stock"},{"bundled_item_id":377,"product_id":1538,"menu_order":0,"quantity_min":1,"quantity_max":1,"quantity_default":1,"priced_individually":false,"shipped_individually":false,"override_title":false,"title":"","override_description":false,"description":"","optional":false,"hide_thumbnail":false,"discount":null,"override_variations":false,"allowed_variations":[],"override_default_variation_attributes":false,"default_variation_attributes":[],"single_product_visibility":"visible","cart_visibility":"visible","order_visibility":"visible","single_product_price_visibility":"visible","cart_price_visibility":"visible","order_price_visibility":"visible","stock_status":"on_backorder"},{"bundled_item_id":378,"product_id":2603,"menu_order":0,"quantity_min":1,"quantity_max":1,"quantity_default":1,"priced_individually":false,"shipped_individually":false,"override_title":false,"title":"","override_description":false,"description":"","optional":false,"hide_thumbnail":false,"discount":null,"override_variations":false,"allowed_variations":[],"override_default_variation_attributes":false,"default_variation_attributes":[],"single_product_visibility":"visible","cart_visibility":"visible","order_visibility":"visible","single_product_price_visibility":"visible","cart_price_visibility":"visible","order_price_visibility":"visible","stock_status":"on_backorder"}],"bundle_sell_ids":[],"acf":[],"yoast_head":"<!-- This site is optimized with the Yoast SEO plugin v27.0 - https:\/\/yoast.com\/product\/yoast-seo-wordpress\/ -->\n<title>Lazer Linear 18 Elite paket Tesla - Xenonkungen<\/title>\n<meta name=\"robots\" content=\"index, follow, max-snippet:-1, max-image-preview:large, max-video-preview:-1\" \/>\n<link rel=\"canonical\" href=\"https:\/\/xenonkungen.com\/no\/produkt\/lazer-linear-18-elite-pakke-tesla\/\" \/>\n<meta property=\"og:locale\" content=\"nb_NO\" \/>\n<meta property=\"og:type\" content=\"article\" \/>\n<meta property=\"og:title\" content=\"Lazer Linear 18 Elite paket Tesla - Xenonkungen\" \/>\n<meta property=\"og:description\" content=\"Kraftfullt Lysande Lazer Linear 18 Elite LED-Ramp &#8211; Optimal Belysning f\u00f6r Alla F\u00f6rh\u00e5llanden Lazer Linear 18 Elite \u00e4r den ultimata l\u00f6sningen f\u00f6r dem som kr\u00e4ver h\u00f6gpresterande belysning p\u00e5 v\u00e4gen. Med sin banbrytande design och \u00f6verl\u00e4gsen prestanda \u00e4r detta extraljuspaket det perfekta valet f\u00f6r alla terr\u00e4nger och v\u00e4gf\u00f6rh\u00e5llanden. Design och Installation Linear 18 Elite har en [&hellip;]\" \/>\n<meta property=\"og:url\" content=\"https:\/\/xenonkungen.com\/no\/produkt\/lazer-linear-18-elite-pakke-tesla\/\" \/>\n<meta property=\"og:site_name\" content=\"Xenonkungen\" \/>\n<meta property=\"article:modified_time\" content=\"2026-04-17T15:21:29+00:00\" \/>\n<meta property=\"og:image\" content=\"https:\/\/xenonkungen.com\/wp-content\/uploads\/2025\/05\/211569905-origpic-304628-1.png\" \/>\n\t<meta property=\"og:image:width\" content=\"1655\" \/>\n\t<meta property=\"og:image:height\" content=\"1000\" \/>\n\t<meta property=\"og:image:type\" content=\"image\/png\" \/>\n<meta name=\"twitter:card\" content=\"summary_large_image\" \/>\n<meta name=\"twitter:label1\" content=\"Ansl. lesetid\" \/>\n\t<meta name=\"twitter:data1\" content=\"1 minutt\" \/>\n<script type=\"application\/ld+json\" class=\"yoast-schema-graph\">{\"@context\":\"https:\/\/schema.org\",\"@graph\":[{\"@type\":\"WebPage\",\"@id\":\"https:\/\/xenonkungen.com\/produkt\/lazer-linear-18-elite-paket-tesla\/\",\"url\":\"https:\/\/xenonkungen.com\/produkt\/lazer-linear-18-elite-paket-tesla\/\",\"name\":\"Lazer Linear 18 Elite paket Tesla - Xenonkungen\",\"isPartOf\":{\"@id\":\"https:\/\/xenonkungen.com\/#website\"},\"primaryImageOfPage\":{\"@id\":\"https:\/\/xenonkungen.com\/produkt\/lazer-linear-18-elite-paket-tesla\/#primaryimage\"},\"image\":{\"@id\":\"https:\/\/xenonkungen.com\/produkt\/lazer-linear-18-elite-paket-tesla\/#primaryimage\"},\"thumbnailUrl\":\"https:\/\/xenonkungen.com\/wp-content\/uploads\/2025\/05\/211569905-origpic-304628-1.png\",\"datePublished\":\"2025-05-20T08:04:14+00:00\",\"dateModified\":\"2026-04-17T15:21:29+00:00\",\"breadcrumb\":{\"@id\":\"https:\/\/xenonkungen.com\/produkt\/lazer-linear-18-elite-paket-tesla\/#breadcrumb\"},\"inLanguage\":\"nb-NO\",\"potentialAction\":[{\"@type\":\"ReadAction\",\"target\":[\"https:\/\/xenonkungen.com\/produkt\/lazer-linear-18-elite-paket-tesla\/\"]}]},{\"@type\":\"ImageObject\",\"inLanguage\":\"nb-NO\",\"@id\":\"https:\/\/xenonkungen.com\/produkt\/lazer-linear-18-elite-paket-tesla\/#primaryimage\",\"url\":\"https:\/\/xenonkungen.com\/wp-content\/uploads\/2025\/05\/211569905-origpic-304628-1.png\",\"contentUrl\":\"https:\/\/xenonkungen.com\/wp-content\/uploads\/2025\/05\/211569905-origpic-304628-1.png\",\"width\":1655,\"height\":1000},{\"@type\":\"BreadcrumbList\",\"@id\":\"https:\/\/xenonkungen.com\/produkt\/lazer-linear-18-elite-paket-tesla\/#breadcrumb\",\"itemListElement\":[{\"@type\":\"ListItem\",\"position\":1,\"name\":\"Hem\",\"item\":\"https:\/\/xenonkungen.com\/\"},{\"@type\":\"ListItem\",\"position\":2,\"name\":\"Shop\",\"item\":\"https:\/\/xenonkungen.com\/shop\/\"},{\"@type\":\"ListItem\",\"position\":3,\"name\":\"Lazer Linear 18 Elite paket Tesla\"}]},{\"@type\":\"WebSite\",\"@id\":\"https:\/\/xenonkungen.com\/#website\",\"url\":\"https:\/\/xenonkungen.com\/\",\"name\":\"Xenonkungen\",\"description\":\"\",\"potentialAction\":[{\"@type\":\"SearchAction\",\"target\":{\"@type\":\"EntryPoint\",\"urlTemplate\":\"https:\/\/xenonkungen.com\/?s={search_term_string}\"},\"query-input\":{\"@type\":\"PropertyValueSpecification\",\"valueRequired\":true,\"valueName\":\"search_term_string\"}}],\"inLanguage\":\"nb-NO\"}]}<\/script>\n<!-- \/ Yoast SEO plugin. -->","yoast_head_json":{"title":"Lazer Linear 18 Elite-pakke Tesla \u2013 Xenon-kongen","robots":{"index":"index","follow":"follow","max-snippet":"max-snippet:-1","max-image-preview":"max-image-preview:large","max-video-preview":"max-video-preview:-1"},"canonical":"https:\/\/xenonkungen.com\/no\/produkt\/lazer-linear-18-elite-pakke-tesla\/","og_locale":"nb_NO","og_type":"article","og_title":"Lazer Linear 18 Elite paket Tesla - Xenonkungen","og_description":"Kraftfullt Lysande Lazer Linear 18 Elite LED-Ramp &#8211; Optimal Belysning f\u00f6r Alla F\u00f6rh\u00e5llanden Lazer Linear 18 Elite \u00e4r den ultimata l\u00f6sningen f\u00f6r dem som kr\u00e4ver h\u00f6gpresterande belysning p\u00e5 v\u00e4gen. Med sin banbrytande design och \u00f6verl\u00e4gsen prestanda \u00e4r detta extraljuspaket det perfekta valet f\u00f6r alla terr\u00e4nger och v\u00e4gf\u00f6rh\u00e5llanden. Design och Installation Linear 18 Elite har en [&hellip;]","og_url":"https:\/\/xenonkungen.com\/no\/produkt\/lazer-linear-18-elite-pakke-tesla\/","og_site_name":"Xenonkungen","article_modified_time":"2026-04-17T15:21:29+00:00","og_image":[{"width":1655,"height":1000,"url":"https:\/\/xenonkungen.com\/wp-content\/uploads\/2025\/05\/211569905-origpic-304628-1.png","type":"image\/png"}],"twitter_card":"summary_large_image","twitter_misc":{"Ansl. lesetid":"1 minutt"},"schema":{"@context":"https:\/\/schema.org","@graph":[{"@type":"WebPage","@id":"https:\/\/xenonkungen.com\/produkt\/lazer-linear-18-elite-paket-tesla\/","url":"https:\/\/xenonkungen.com\/produkt\/lazer-linear-18-elite-paket-tesla\/","name":"Lazer Linear 18 Elite-pakke Tesla \u2013 Xenon-kongen","isPartOf":{"@id":"https:\/\/xenonkungen.com\/#website"},"primaryImageOfPage":{"@id":"https:\/\/xenonkungen.com\/produkt\/lazer-linear-18-elite-paket-tesla\/#primaryimage"},"image":{"@id":"https:\/\/xenonkungen.com\/produkt\/lazer-linear-18-elite-paket-tesla\/#primaryimage"},"thumbnailUrl":"https:\/\/xenonkungen.com\/wp-content\/uploads\/2025\/05\/211569905-origpic-304628-1.png","datePublished":"2025-05-20T08:04:14+00:00","dateModified":"2026-04-17T15:21:29+00:00","breadcrumb":{"@id":"https:\/\/xenonkungen.com\/produkt\/lazer-linear-18-elite-paket-tesla\/#breadcrumb"},"inLanguage":"nb-NO","potentialAction":[{"@type":"ReadAction","target":["https:\/\/xenonkungen.com\/produkt\/lazer-linear-18-elite-paket-tesla\/"]}]},{"@type":"ImageObject","inLanguage":"nb-NO","@id":"https:\/\/xenonkungen.com\/produkt\/lazer-linear-18-elite-paket-tesla\/#primaryimage","url":"https:\/\/xenonkungen.com\/wp-content\/uploads\/2025\/05\/211569905-origpic-304628-1.png","contentUrl":"https:\/\/xenonkungen.com\/wp-content\/uploads\/2025\/05\/211569905-origpic-304628-1.png","width":1655,"height":1000},{"@type":"BreadcrumbList","@id":"https:\/\/xenonkungen.com\/produkt\/lazer-linear-18-elite-paket-tesla\/#breadcrumb","itemListElement":[{"@type":"ListItem","position":1,"name":"Hem","item":"https:\/\/xenonkungen.com\/"},{"@type":"ListItem","position":2,"name":"Shop","item":"https:\/\/xenonkungen.com\/shop\/"},{"@type":"ListItem","position":3,"name":"Lazer Linear 18 Elite paket Tesla"}]},{"@type":"WebSite","@id":"https:\/\/xenonkungen.com\/#website","url":"https:\/\/xenonkungen.com\/","name":"Xenonkungen","description":"","potentialAction":[{"@type":"SearchAction","target":{"@type":"EntryPoint","urlTemplate":"https:\/\/xenonkungen.com\/?s={search_term_string}"},"query-input":{"@type":"PropertyValueSpecification","valueRequired":true,"valueName":"search_term_string"}}],"inLanguage":"nb-NO"}]}},"taxonomy_info":{"anvandningsomrade":[{"value":167,"label":"PERSONBIL"}],"bilmarken":[{"value":290,"label":"Tesla"}],"product_brand":[{"value":1124,"label":"Lazer"},{"value":98,"label":"Lazer Lamps"}],"product_cat":[{"value":2832,"label":"Ledrampspaket TESLA"},{"value":2166,"label":"LAZER LINEAR"},{"value":1916,"label":"Ledrampspaket"}],"product_tag":[{"value":2735,"label":"Lazer"},{"value":2726,"label":"produktpaket"}],"pa_faktisk-effekts-forbrukning":[{"value":2231,"label":"126"}],"pa_fargtemperatur":[{"value":154,"label":"5000K"}],"pa_fuktskydd-varde-ipxx":[{"value":177,"label":"IP68"}],"pa_godkannande":[{"value":1123,"label":"ECE, R112"}],"pa_lampsockel-kontakt":[{"value":1122,"label":"Superseal"}],"pa_led-chips-effekt-w":[{"value":1141,"label":"130"}],"pa_storlek-mm":[{"value":1132,"label":"532x62x40"}],"pa_stromforbrukning":[{"value":2232,"label":"9A @ 14,4V"}],"pa_volt-v":[{"value":2199,"label":"10, 12, 24, 32"}]},"featured_image_src_large":["https:\/\/xenonkungen.com\/wp-content\/uploads\/2025\/05\/211569905-origpic-304628-1-1024x619.png",1024,619,true],"author_info":[],"comment_info":0,"_links":{"self":[{"href":"https:\/\/xenonkungen.com\/no\/wp-json\/wp\/v2\/product\/9633","targetHints":{"allow":["GET"]}}],"collection":[{"href":"https:\/\/xenonkungen.com\/no\/wp-json\/wp\/v2\/product"}],"about":[{"href":"https:\/\/xenonkungen.com\/no\/wp-json\/wp\/v2\/types\/product"}],"replies":[{"embeddable":true,"href":"https:\/\/xenonkungen.com\/no\/wp-json\/wp\/v2\/comments?post=9633"}],"wp:featuredmedia":[{"embeddable":true,"href":"https:\/\/xenonkungen.com\/no\/wp-json\/wp\/v2\/media\/10136"}],"wp:attachment":[{"href":"https:\/\/xenonkungen.com\/no\/wp-json\/wp\/v2\/media?parent=9633"}],"wp:term":[{"taxonomy":"anvandningsomrade","embeddable":true,"href":"https:\/\/xenonkungen.com\/no\/wp-json\/wp\/v2\/anvandningsomrade?post=9633"},{"taxonomy":"bilmarken","embeddable":true,"href":"https:\/\/xenonkungen.com\/no\/wp-json\/wp\/v2\/bilmarken?post=9633"},{"taxonomy":"product_brand","embeddable":true,"href":"https:\/\/xenonkungen.com\/no\/wp-json\/wp\/v2\/product_brand?post=9633"},{"taxonomy":"product_cat","embeddable":true,"href":"https:\/\/xenonkungen.com\/no\/wp-json\/wp\/v2\/product_cat?post=9633"},{"taxonomy":"product_tag","embeddable":true,"href":"https:\/\/xenonkungen.com\/no\/wp-json\/wp\/v2\/product_tag?post=9633"}],"curies":[{"name":"wp","href":"https:\/\/api.w.org\/{rel}","templated":true}]}}