{"id":9653,"date":"2025-05-20T08:04:14","date_gmt":"2025-05-20T08:04:14","guid":{"rendered":"https:\/\/xenonkungen.com\/product\/clarity-glass-paket-fran-meguiars-cleaner-med-duk\/"},"modified":"2026-04-17T13:06:17","modified_gmt":"2026-04-17T12:06:17","slug":"klarhetsglasspakke-fra-meguiars-rengjoringsmiddel-med-klut","status":"publish","type":"product","link":"https:\/\/xenonkungen.com\/no\/produkt\/klarhetsglasspakke-fra-meguiars-rengjoringsmiddel-med-klut\/","title":{"rendered":"CLARITY GLASS Pack fra Meguiar's | Cleaner med klut"},"content":{"rendered":"<h1>Perfect Clarity Glass Cleaner &amp; Glass Towel<\/h1>\n<p><strong>Perfect Clarity Glass Cleaner<\/strong><\/p>\n<p>Det har aldri v\u00e6rt s\u00e5 enkelt \u00e5 f\u00e5 glass til \u00e5 se s\u00e5 perfekt ut. Perfect Clarity Glass Cleaner er fri for ammoniakk og fjerner gjenstridig smuss uten \u00e5 etterlate striper. Meguiar's Perfect Clarity Glass Cleaner er resultatet av mange \u00e5rs samarbeid med profesjonelle bilpleiefirmaer for \u00e5 finne den raskeste og mest effektive m\u00e5ten \u00e5 rengj\u00f8re glass og speil p\u00e5, og eliminere risikoen for avskalling som ellers er vanlig. Denne nye, forbedrede formelen har en overlegen rengj\u00f8ringsevne som takler selv de skitneste vinduer. Fjerner enkelt og raskt veiskitt, r\u00f8ykavleiringer, fugleskitt, insekter og andre forurensninger.<\/p>\n<p>N\u00e5 ogs\u00e5 med antiduggfunksjon! Fungerer like bra hjemme som i bilen.<\/p>\n<p>710 ml<\/p>\n<p><strong>Perfect Clarity Glassh\u00e5ndkle<\/strong><\/p>\n<p>Perfect Clarity Glass Towel er det perfekte valget for deg som \u00f8nsker \u00e5 oppn\u00e5 et plettfritt resultat n\u00e5r du rengj\u00f8r glassflater. Perfect Clarity Glass Towel er en luksuri\u00f8s mikrofiberklut med en unik fiberstruktur som gj\u00f8r den enkel \u00e5 bruke og gir perfekte resultater, uten \u00e5 etterlate seg lo.<\/p>\n<p>Ideell \u00e5 bruke sammen med Perfect Clarity Glass Cleaner for enkel og effektiv rengj\u00f8ring.<br \/>Lerretet m\u00e5ler 40,6 x 40,6 cm for optimal brukervennlighet.<\/p>\n<p>Kan vaskes i maskin.<\/p>","protected":false},"excerpt":{"rendered":"<p>De perfekte produktene for \u00e5 rengj\u00f8re vinduer! Enkel og effektiv rengj\u00f8ring for alle glassflater.<\/p>","protected":false},"featured_media":10151,"comment_status":"closed","ping_status":"open","template":"","meta":{"_acf_changed":false,"_smort_price_nok":"298","_smort_price_dkk":"189","_smort_price_eur":"25.36","_smort_sale_price_nok":"","_smort_sale_price_dkk":"","_smort_sale_price_eur":"","smort_restorder":"","shipmondo_restorder":"","_kad_blocks_custom_css":"","_kad_blocks_head_custom_js":"","_kad_blocks_body_custom_js":"","_kad_blocks_footer_custom_js":"","smort_custom_pricelist_1":"200.88","smort_custom_pricelist_2":"200.88","smort_custom_pricelist_3":"189.72","smort_custom_pricelist_4":"223.2","smort_custom_pricelist_5":"200.88"},"anvandningsomrade":[2234],"bilmarken":[168],"product_brand":[1383],"product_cat":[2188,378],"product_tag":[2726],"class_list":{"0":"post-9653","1":"product","2":"type-product","3":"status-publish","4":"has-post-thumbnail","6":"anvandningsomrade-alla","7":"bilmarken-alla","8":"product_brand-meguiars","9":"product_cat-bilvardpaket","10":"product_cat-bilvard","11":"product_tag-produktpaket","13":"first","14":"instock","15":"taxable","16":"shipping-taxable","17":"purchasable","18":"product-type-bundle"},"bundled_by":[],"bundle_stock_status":"instock","bundle_stock_quantity":4,"bundle_virtual":false,"bundle_layout":"default","bundle_add_to_cart_form_location":"default","bundle_editable_in_cart":false,"bundle_sold_individually_context":"product","bundle_item_grouping":"parent","bundle_min_size":"","bundle_max_size":"","bundle_price":{"price":{"min":{"incl_tax":"298.01","excl_tax":"238.406653944"},"max":{"incl_tax":"298.01","excl_tax":"238.406653944"}},"regular_price":{"min":{"incl_tax":"298.01","excl_tax":"238.406653944"},"max":{"incl_tax":"298.01","excl_tax":"238.406653944"}}},"bundled_items":[{"bundled_item_id":387,"product_id":4581,"menu_order":0,"quantity_min":1,"quantity_max":1,"quantity_default":1,"priced_individually":false,"shipped_individually":false,"override_title":false,"title":"","override_description":false,"description":"","optional":false,"hide_thumbnail":false,"discount":null,"override_variations":false,"allowed_variations":[],"override_default_variation_attributes":false,"default_variation_attributes":[],"single_product_visibility":"visible","cart_visibility":"visible","order_visibility":"visible","single_product_price_visibility":"visible","cart_price_visibility":"visible","order_price_visibility":"visible","stock_status":"in_stock"},{"bundled_item_id":388,"product_id":4655,"menu_order":0,"quantity_min":1,"quantity_max":1,"quantity_default":1,"priced_individually":false,"shipped_individually":false,"override_title":false,"title":"","override_description":false,"description":"","optional":false,"hide_thumbnail":false,"discount":null,"override_variations":false,"allowed_variations":[],"override_default_variation_attributes":false,"default_variation_attributes":[],"single_product_visibility":"visible","cart_visibility":"visible","order_visibility":"visible","single_product_price_visibility":"visible","cart_price_visibility":"visible","order_price_visibility":"visible","stock_status":"in_stock"}],"bundle_sell_ids":[],"acf":[],"yoast_head":"<!-- This site is optimized with the Yoast SEO plugin v27.0 - https:\/\/yoast.com\/product\/yoast-seo-wordpress\/ -->\n<title>CLARITY GLASS Paket fr\u00e5n Meguiar&#039;s | Cleaner med duk - Xenonkungen<\/title>\n<meta name=\"robots\" content=\"index, follow, max-snippet:-1, max-image-preview:large, max-video-preview:-1\" \/>\n<link rel=\"canonical\" href=\"https:\/\/xenonkungen.com\/no\/produkt\/klarhetsglasspakke-fra-meguiars-rengjoringsmiddel-med-klut\/\" \/>\n<meta property=\"og:locale\" content=\"nb_NO\" \/>\n<meta property=\"og:type\" content=\"article\" \/>\n<meta property=\"og:title\" content=\"CLARITY GLASS Paket fr\u00e5n Meguiar&#039;s | Cleaner med duk - Xenonkungen\" \/>\n<meta property=\"og:description\" content=\"Det perfekta produkterna att putsa f\u00f6nster med! Enkel och effektiv reng\u00f6ring f\u00f6r alla glasytor.\" \/>\n<meta property=\"og:url\" content=\"https:\/\/xenonkungen.com\/no\/produkt\/klarhetsglasspakke-fra-meguiars-rengjoringsmiddel-med-klut\/\" \/>\n<meta property=\"og:site_name\" content=\"Xenonkungen\" \/>\n<meta property=\"article:modified_time\" content=\"2026-04-17T12:06:17+00:00\" \/>\n<meta property=\"og:image\" content=\"https:\/\/xenonkungen.com\/wp-content\/uploads\/2025\/05\/G8224-X190301-1.png\" \/>\n\t<meta property=\"og:image:width\" content=\"435\" \/>\n\t<meta property=\"og:image:height\" content=\"551\" \/>\n\t<meta property=\"og:image:type\" content=\"image\/png\" \/>\n<meta name=\"twitter:card\" content=\"summary_large_image\" \/>\n<meta name=\"twitter:label1\" content=\"Ansl. lesetid\" \/>\n\t<meta name=\"twitter:data1\" content=\"1 minutt\" \/>\n<script type=\"application\/ld+json\" class=\"yoast-schema-graph\">{\"@context\":\"https:\/\/schema.org\",\"@graph\":[{\"@type\":\"WebPage\",\"@id\":\"https:\/\/xenonkungen.com\/produkt\/clarity-glass-paket-fran-meguiars-cleaner-med-duk\/\",\"url\":\"https:\/\/xenonkungen.com\/produkt\/clarity-glass-paket-fran-meguiars-cleaner-med-duk\/\",\"name\":\"CLARITY GLASS Paket fr\u00e5n Meguiar's | Cleaner med duk - Xenonkungen\",\"isPartOf\":{\"@id\":\"https:\/\/xenonkungen.com\/#website\"},\"primaryImageOfPage\":{\"@id\":\"https:\/\/xenonkungen.com\/produkt\/clarity-glass-paket-fran-meguiars-cleaner-med-duk\/#primaryimage\"},\"image\":{\"@id\":\"https:\/\/xenonkungen.com\/produkt\/clarity-glass-paket-fran-meguiars-cleaner-med-duk\/#primaryimage\"},\"thumbnailUrl\":\"https:\/\/xenonkungen.com\/wp-content\/uploads\/2025\/05\/G8224-X190301-1.png\",\"datePublished\":\"2025-05-20T08:04:14+00:00\",\"dateModified\":\"2026-04-17T12:06:17+00:00\",\"breadcrumb\":{\"@id\":\"https:\/\/xenonkungen.com\/produkt\/clarity-glass-paket-fran-meguiars-cleaner-med-duk\/#breadcrumb\"},\"inLanguage\":\"nb-NO\",\"potentialAction\":[{\"@type\":\"ReadAction\",\"target\":[\"https:\/\/xenonkungen.com\/produkt\/clarity-glass-paket-fran-meguiars-cleaner-med-duk\/\"]}]},{\"@type\":\"ImageObject\",\"inLanguage\":\"nb-NO\",\"@id\":\"https:\/\/xenonkungen.com\/produkt\/clarity-glass-paket-fran-meguiars-cleaner-med-duk\/#primaryimage\",\"url\":\"https:\/\/xenonkungen.com\/wp-content\/uploads\/2025\/05\/G8224-X190301-1.png\",\"contentUrl\":\"https:\/\/xenonkungen.com\/wp-content\/uploads\/2025\/05\/G8224-X190301-1.png\",\"width\":435,\"height\":551},{\"@type\":\"BreadcrumbList\",\"@id\":\"https:\/\/xenonkungen.com\/produkt\/clarity-glass-paket-fran-meguiars-cleaner-med-duk\/#breadcrumb\",\"itemListElement\":[{\"@type\":\"ListItem\",\"position\":1,\"name\":\"Hem\",\"item\":\"https:\/\/xenonkungen.com\/\"},{\"@type\":\"ListItem\",\"position\":2,\"name\":\"Shop\",\"item\":\"https:\/\/xenonkungen.com\/shop\/\"},{\"@type\":\"ListItem\",\"position\":3,\"name\":\"CLARITY GLASS Paket fr\u00e5n Meguiar&#8217;s | Cleaner med duk\"}]},{\"@type\":\"WebSite\",\"@id\":\"https:\/\/xenonkungen.com\/#website\",\"url\":\"https:\/\/xenonkungen.com\/\",\"name\":\"Xenonkungen\",\"description\":\"\",\"potentialAction\":[{\"@type\":\"SearchAction\",\"target\":{\"@type\":\"EntryPoint\",\"urlTemplate\":\"https:\/\/xenonkungen.com\/?s={search_term_string}\"},\"query-input\":{\"@type\":\"PropertyValueSpecification\",\"valueRequired\":true,\"valueName\":\"search_term_string\"}}],\"inLanguage\":\"nb-NO\"}]}<\/script>\n<!-- \/ Yoast SEO plugin. -->","yoast_head_json":{"title":"CLARITY GLASS-pakke fra Meguiar&#039;s | Rengj\u00f8ringsmiddel med klut - Xenonkungen","robots":{"index":"index","follow":"follow","max-snippet":"max-snippet:-1","max-image-preview":"max-image-preview:large","max-video-preview":"max-video-preview:-1"},"canonical":"https:\/\/xenonkungen.com\/no\/produkt\/klarhetsglasspakke-fra-meguiars-rengjoringsmiddel-med-klut\/","og_locale":"nb_NO","og_type":"article","og_title":"CLARITY GLASS Paket fr\u00e5n Meguiar's | Cleaner med duk - Xenonkungen","og_description":"Det perfekta produkterna att putsa f\u00f6nster med! Enkel och effektiv reng\u00f6ring f\u00f6r alla glasytor.","og_url":"https:\/\/xenonkungen.com\/no\/produkt\/klarhetsglasspakke-fra-meguiars-rengjoringsmiddel-med-klut\/","og_site_name":"Xenonkungen","article_modified_time":"2026-04-17T12:06:17+00:00","og_image":[{"width":435,"height":551,"url":"https:\/\/xenonkungen.com\/wp-content\/uploads\/2025\/05\/G8224-X190301-1.png","type":"image\/png"}],"twitter_card":"summary_large_image","twitter_misc":{"Ansl. lesetid":"1 minutt"},"schema":{"@context":"https:\/\/schema.org","@graph":[{"@type":"WebPage","@id":"https:\/\/xenonkungen.com\/produkt\/clarity-glass-paket-fran-meguiars-cleaner-med-duk\/","url":"https:\/\/xenonkungen.com\/produkt\/clarity-glass-paket-fran-meguiars-cleaner-med-duk\/","name":"CLARITY GLASS-pakke fra Meguiar&#039;s | Rengj\u00f8ringsmiddel med klut - Xenonkungen","isPartOf":{"@id":"https:\/\/xenonkungen.com\/#website"},"primaryImageOfPage":{"@id":"https:\/\/xenonkungen.com\/produkt\/clarity-glass-paket-fran-meguiars-cleaner-med-duk\/#primaryimage"},"image":{"@id":"https:\/\/xenonkungen.com\/produkt\/clarity-glass-paket-fran-meguiars-cleaner-med-duk\/#primaryimage"},"thumbnailUrl":"https:\/\/xenonkungen.com\/wp-content\/uploads\/2025\/05\/G8224-X190301-1.png","datePublished":"2025-05-20T08:04:14+00:00","dateModified":"2026-04-17T12:06:17+00:00","breadcrumb":{"@id":"https:\/\/xenonkungen.com\/produkt\/clarity-glass-paket-fran-meguiars-cleaner-med-duk\/#breadcrumb"},"inLanguage":"nb-NO","potentialAction":[{"@type":"ReadAction","target":["https:\/\/xenonkungen.com\/produkt\/clarity-glass-paket-fran-meguiars-cleaner-med-duk\/"]}]},{"@type":"ImageObject","inLanguage":"nb-NO","@id":"https:\/\/xenonkungen.com\/produkt\/clarity-glass-paket-fran-meguiars-cleaner-med-duk\/#primaryimage","url":"https:\/\/xenonkungen.com\/wp-content\/uploads\/2025\/05\/G8224-X190301-1.png","contentUrl":"https:\/\/xenonkungen.com\/wp-content\/uploads\/2025\/05\/G8224-X190301-1.png","width":435,"height":551},{"@type":"BreadcrumbList","@id":"https:\/\/xenonkungen.com\/produkt\/clarity-glass-paket-fran-meguiars-cleaner-med-duk\/#breadcrumb","itemListElement":[{"@type":"ListItem","position":1,"name":"Hem","item":"https:\/\/xenonkungen.com\/"},{"@type":"ListItem","position":2,"name":"Shop","item":"https:\/\/xenonkungen.com\/shop\/"},{"@type":"ListItem","position":3,"name":"CLARITY GLASS Paket fr\u00e5n Meguiar&#8217;s | Cleaner med duk"}]},{"@type":"WebSite","@id":"https:\/\/xenonkungen.com\/#website","url":"https:\/\/xenonkungen.com\/","name":"Xenonkungen","description":"","potentialAction":[{"@type":"SearchAction","target":{"@type":"EntryPoint","urlTemplate":"https:\/\/xenonkungen.com\/?s={search_term_string}"},"query-input":{"@type":"PropertyValueSpecification","valueRequired":true,"valueName":"search_term_string"}}],"inLanguage":"nb-NO"}]}},"taxonomy_info":{"anvandningsomrade":[{"value":2234,"label":"Alla"}],"bilmarken":[{"value":168,"label":"Alla"}],"product_brand":[{"value":1383,"label":"Meguiar's"}],"product_cat":[{"value":2188,"label":"Bilv\u00e5rdpaket"},{"value":378,"label":"Bilv\u00e5rd"}],"product_tag":[{"value":2726,"label":"produktpaket"}]},"featured_image_src_large":["https:\/\/xenonkungen.com\/wp-content\/uploads\/2025\/05\/G8224-X190301-1.png",435,551,false],"author_info":[],"comment_info":0,"_links":{"self":[{"href":"https:\/\/xenonkungen.com\/no\/wp-json\/wp\/v2\/product\/9653","targetHints":{"allow":["GET"]}}],"collection":[{"href":"https:\/\/xenonkungen.com\/no\/wp-json\/wp\/v2\/product"}],"about":[{"href":"https:\/\/xenonkungen.com\/no\/wp-json\/wp\/v2\/types\/product"}],"replies":[{"embeddable":true,"href":"https:\/\/xenonkungen.com\/no\/wp-json\/wp\/v2\/comments?post=9653"}],"wp:featuredmedia":[{"embeddable":true,"href":"https:\/\/xenonkungen.com\/no\/wp-json\/wp\/v2\/media\/10151"}],"wp:attachment":[{"href":"https:\/\/xenonkungen.com\/no\/wp-json\/wp\/v2\/media?parent=9653"}],"wp:term":[{"taxonomy":"anvandningsomrade","embeddable":true,"href":"https:\/\/xenonkungen.com\/no\/wp-json\/wp\/v2\/anvandningsomrade?post=9653"},{"taxonomy":"bilmarken","embeddable":true,"href":"https:\/\/xenonkungen.com\/no\/wp-json\/wp\/v2\/bilmarken?post=9653"},{"taxonomy":"product_brand","embeddable":true,"href":"https:\/\/xenonkungen.com\/no\/wp-json\/wp\/v2\/product_brand?post=9653"},{"taxonomy":"product_cat","embeddable":true,"href":"https:\/\/xenonkungen.com\/no\/wp-json\/wp\/v2\/product_cat?post=9653"},{"taxonomy":"product_tag","embeddable":true,"href":"https:\/\/xenonkungen.com\/no\/wp-json\/wp\/v2\/product_tag?post=9653"}],"curies":[{"name":"wp","href":"https:\/\/api.w.org\/{rel}","templated":true}]}}