{"id":9673,"date":"2025-05-20T08:06:03","date_gmt":"2025-05-20T08:06:03","guid":{"rendered":"https:\/\/xenonkungen.com\/product\/startpaket-bas-4-delar-meguiars\/"},"modified":"2026-04-09T15:53:51","modified_gmt":"2026-04-09T14:53:51","slug":"startersett-base-4-deler-meguiars","status":"publish","type":"product","link":"https:\/\/xenonkungen.com\/no\/produkt\/startersett-base-4-deler-meguiars\/","title":{"rendered":"BAS 4-delt startsett | Meguiar's"},"content":{"rendered":"<h1>Vaskesett med 4 deler<\/h1>\n<p>Et enkelt startsett med alt du trenger for \u00e5 komme i gang med \u00e5 vedlikeholde kj\u00f8ret\u00f8yene dine, og deretter kan du alltid legge til flere produkter.<\/p>\n<p><strong>Alle delene i bilpleiesettet er fra Meguar's.<\/strong><\/p>\n<p>Pakken inneholder:<\/p>\n<p><strong>Gold Class bilvaskesjampo<br \/><\/strong>Sv\u00e6rt effektiv sjampo med et rikt skum som effektivt fjerner smuss fra lakken og etterlater en skinnende finish.<\/p>\n<p><strong>Wash Mitt | Wash Mitt<\/strong><br \/>Mikrofibrene l\u00f8fter smusset i fibrene og vasker mer sk\u00e5nsomt og effektivt enn en vanlig svamp, noe som gj\u00f8r den til en forn\u00f8yelse \u00e5 bruke.<\/p>\n<p><strong>Meguiar's Bucket<\/strong><br \/>En stilig 19-liters b\u00f8tte med h\u00e5ndtak!<\/p>\n<p><strong>Vannmagnet<\/strong><br \/>Mikrofiberklut med 3grr mer effektiv absorpsjon enn vanlige frott\u00e9h\u00e5ndkl\u00e6r. Korter ned t\u00f8rketiden betydelig og gir et flekkfritt resultat.<\/p>","protected":false},"excerpt":{"rendered":"<p>4 delars tv\u00e4ttpaket Ett enkelt startpaket med allt du beh\u00f6ver f\u00f6r att b\u00f6rja underh\u00e5llet av dina fordon, sedan finns det alltid mer produkter som du kan komplemera med. Alla delarna i bilv\u00e5rdspaketet \u00e4r fr\u00e5n Meguar&#8217;s. Paketet inneh\u00e5ller: Gold Class Car Wash ShampooH\u00f6geffektivt schampo med h\u00e4rligt skum som effektivt avl\u00e4gsnar smutsen fr\u00e5n lacken samtidigt som det [&hellip;]<\/p>","protected":false},"featured_media":10166,"comment_status":"closed","ping_status":"open","template":"","meta":{"_acf_changed":false,"_smort_price_nok":"684","_smort_price_dkk":"434","_smort_price_eur":"58.18","_smort_sale_price_nok":"","_smort_sale_price_dkk":"","_smort_sale_price_eur":"","smort_restorder":"","shipmondo_restorder":"","_kad_blocks_custom_css":"","_kad_blocks_head_custom_js":"","_kad_blocks_body_custom_js":"","_kad_blocks_footer_custom_js":"","smort_custom_pricelist_1":"512","smort_custom_pricelist_2":"512","smort_custom_pricelist_3":"486.4","smort_custom_pricelist_4":"512","smort_custom_pricelist_5":"512"},"anvandningsomrade":[2234],"bilmarken":[168],"product_brand":[1383],"product_cat":[2188,378],"product_tag":[2726],"class_list":{"0":"post-9673","1":"product","2":"type-product","3":"status-publish","4":"has-post-thumbnail","6":"anvandningsomrade-alla","7":"bilmarken-alla","8":"product_brand-meguiars","9":"product_cat-bilvardpaket","10":"product_cat-bilvard","11":"product_tag-produktpaket","13":"first","14":"outofstock","15":"taxable","16":"shipping-taxable","17":"purchasable","18":"product-type-bundle"},"bundled_by":[],"bundle_stock_status":"outofstock","bundle_stock_quantity":0,"bundle_virtual":false,"bundle_layout":"default","bundle_add_to_cart_form_location":"default","bundle_editable_in_cart":false,"bundle_sold_individually_context":"product","bundle_item_grouping":"parent","bundle_min_size":"","bundle_max_size":"","bundle_price":{"price":{"min":{"incl_tax":"683.6","excl_tax":"546.88264704"},"max":{"incl_tax":"683.6","excl_tax":"546.88264704"}},"regular_price":{"min":{"incl_tax":"683.6","excl_tax":"546.88264704"},"max":{"incl_tax":"683.6","excl_tax":"546.88264704"}}},"bundled_items":[{"bundled_item_id":397,"product_id":4574,"menu_order":0,"quantity_min":1,"quantity_max":1,"quantity_default":1,"priced_individually":false,"shipped_individually":false,"override_title":false,"title":"","override_description":false,"description":"","optional":false,"hide_thumbnail":false,"discount":null,"override_variations":false,"allowed_variations":[],"override_default_variation_attributes":false,"default_variation_attributes":[],"single_product_visibility":"visible","cart_visibility":"visible","order_visibility":"visible","single_product_price_visibility":"visible","cart_price_visibility":"visible","order_price_visibility":"visible","stock_status":"in_stock"},{"bundled_item_id":398,"product_id":4682,"menu_order":0,"quantity_min":1,"quantity_max":1,"quantity_default":1,"priced_individually":false,"shipped_individually":false,"override_title":false,"title":"","override_description":false,"description":"","optional":false,"hide_thumbnail":false,"discount":null,"override_variations":false,"allowed_variations":[],"override_default_variation_attributes":false,"default_variation_attributes":[],"single_product_visibility":"visible","cart_visibility":"visible","order_visibility":"visible","single_product_price_visibility":"visible","cart_price_visibility":"visible","order_price_visibility":"visible","stock_status":"in_stock"},{"bundled_item_id":399,"product_id":4612,"menu_order":0,"quantity_min":1,"quantity_max":1,"quantity_default":1,"priced_individually":false,"shipped_individually":false,"override_title":false,"title":"","override_description":false,"description":"","optional":false,"hide_thumbnail":false,"discount":null,"override_variations":false,"allowed_variations":[],"override_default_variation_attributes":false,"default_variation_attributes":[],"single_product_visibility":"visible","cart_visibility":"visible","order_visibility":"visible","single_product_price_visibility":"visible","cart_price_visibility":"visible","order_price_visibility":"visible","stock_status":"on_backorder"},{"bundled_item_id":400,"product_id":4667,"menu_order":0,"quantity_min":1,"quantity_max":1,"quantity_default":1,"priced_individually":false,"shipped_individually":false,"override_title":false,"title":"","override_description":false,"description":"","optional":false,"hide_thumbnail":false,"discount":null,"override_variations":false,"allowed_variations":[],"override_default_variation_attributes":false,"default_variation_attributes":[],"single_product_visibility":"visible","cart_visibility":"visible","order_visibility":"visible","single_product_price_visibility":"visible","cart_price_visibility":"visible","order_price_visibility":"visible","stock_status":"in_stock"}],"bundle_sell_ids":[],"acf":[],"yoast_head":"<!-- This site is optimized with the Yoast SEO plugin v27.0 - https:\/\/yoast.com\/product\/yoast-seo-wordpress\/ -->\n<title>Startpaket BAS 4-delar | Meguiar&#039;s - Xenonkungen<\/title>\n<meta name=\"robots\" content=\"index, follow, max-snippet:-1, max-image-preview:large, max-video-preview:-1\" \/>\n<link rel=\"canonical\" href=\"https:\/\/xenonkungen.com\/no\/produkt\/startersett-base-4-deler-meguiars\/\" \/>\n<meta property=\"og:locale\" content=\"nb_NO\" \/>\n<meta property=\"og:type\" content=\"article\" \/>\n<meta property=\"og:title\" content=\"Startpaket BAS 4-delar | Meguiar&#039;s - Xenonkungen\" \/>\n<meta property=\"og:description\" content=\"4 delars tv\u00e4ttpaket Ett enkelt startpaket med allt du beh\u00f6ver f\u00f6r att b\u00f6rja underh\u00e5llet av dina fordon, sedan finns det alltid mer produkter som du kan komplemera med. Alla delarna i bilv\u00e5rdspaketet \u00e4r fr\u00e5n Meguar&#8217;s. Paketet inneh\u00e5ller: Gold Class Car Wash ShampooH\u00f6geffektivt schampo med h\u00e4rligt skum som effektivt avl\u00e4gsnar smutsen fr\u00e5n lacken samtidigt som det [&hellip;]\" \/>\n<meta property=\"og:url\" content=\"https:\/\/xenonkungen.com\/no\/produkt\/startersett-base-4-deler-meguiars\/\" \/>\n<meta property=\"og:site_name\" content=\"Xenonkungen\" \/>\n<meta property=\"article:modified_time\" content=\"2026-04-09T14:53:51+00:00\" \/>\n<meta property=\"og:image\" content=\"https:\/\/xenonkungen.com\/wp-content\/uploads\/2025\/05\/190742667-origpic-7a9b2f-1-scaled.jpg\" \/>\n\t<meta property=\"og:image:width\" content=\"1920\" \/>\n\t<meta property=\"og:image:height\" content=\"2560\" \/>\n\t<meta property=\"og:image:type\" content=\"image\/jpeg\" \/>\n<meta name=\"twitter:card\" content=\"summary_large_image\" \/>\n<meta name=\"twitter:label1\" content=\"Ansl. lesetid\" \/>\n\t<meta name=\"twitter:data1\" content=\"1 minutt\" \/>\n<script type=\"application\/ld+json\" class=\"yoast-schema-graph\">{\"@context\":\"https:\/\/schema.org\",\"@graph\":[{\"@type\":\"WebPage\",\"@id\":\"https:\/\/xenonkungen.com\/produkt\/startpaket-bas-4-delar-meguiars\/\",\"url\":\"https:\/\/xenonkungen.com\/produkt\/startpaket-bas-4-delar-meguiars\/\",\"name\":\"Startpaket BAS 4-delar | Meguiar's - Xenonkungen\",\"isPartOf\":{\"@id\":\"https:\/\/xenonkungen.com\/#website\"},\"primaryImageOfPage\":{\"@id\":\"https:\/\/xenonkungen.com\/produkt\/startpaket-bas-4-delar-meguiars\/#primaryimage\"},\"image\":{\"@id\":\"https:\/\/xenonkungen.com\/produkt\/startpaket-bas-4-delar-meguiars\/#primaryimage\"},\"thumbnailUrl\":\"https:\/\/xenonkungen.com\/wp-content\/uploads\/2025\/05\/190742667-origpic-7a9b2f-1-scaled.jpg\",\"datePublished\":\"2025-05-20T08:06:03+00:00\",\"dateModified\":\"2026-04-09T14:53:51+00:00\",\"breadcrumb\":{\"@id\":\"https:\/\/xenonkungen.com\/produkt\/startpaket-bas-4-delar-meguiars\/#breadcrumb\"},\"inLanguage\":\"nb-NO\",\"potentialAction\":[{\"@type\":\"ReadAction\",\"target\":[\"https:\/\/xenonkungen.com\/produkt\/startpaket-bas-4-delar-meguiars\/\"]}]},{\"@type\":\"ImageObject\",\"inLanguage\":\"nb-NO\",\"@id\":\"https:\/\/xenonkungen.com\/produkt\/startpaket-bas-4-delar-meguiars\/#primaryimage\",\"url\":\"https:\/\/xenonkungen.com\/wp-content\/uploads\/2025\/05\/190742667-origpic-7a9b2f-1-scaled.jpg\",\"contentUrl\":\"https:\/\/xenonkungen.com\/wp-content\/uploads\/2025\/05\/190742667-origpic-7a9b2f-1-scaled.jpg\",\"width\":1920,\"height\":2560},{\"@type\":\"BreadcrumbList\",\"@id\":\"https:\/\/xenonkungen.com\/produkt\/startpaket-bas-4-delar-meguiars\/#breadcrumb\",\"itemListElement\":[{\"@type\":\"ListItem\",\"position\":1,\"name\":\"Hem\",\"item\":\"https:\/\/xenonkungen.com\/\"},{\"@type\":\"ListItem\",\"position\":2,\"name\":\"Shop\",\"item\":\"https:\/\/xenonkungen.com\/shop\/\"},{\"@type\":\"ListItem\",\"position\":3,\"name\":\"Startpaket BAS 4-delar | Meguiar&#8217;s\"}]},{\"@type\":\"WebSite\",\"@id\":\"https:\/\/xenonkungen.com\/#website\",\"url\":\"https:\/\/xenonkungen.com\/\",\"name\":\"Xenonkungen\",\"description\":\"\",\"potentialAction\":[{\"@type\":\"SearchAction\",\"target\":{\"@type\":\"EntryPoint\",\"urlTemplate\":\"https:\/\/xenonkungen.com\/?s={search_term_string}\"},\"query-input\":{\"@type\":\"PropertyValueSpecification\",\"valueRequired\":true,\"valueName\":\"search_term_string\"}}],\"inLanguage\":\"nb-NO\"}]}<\/script>\n<!-- \/ Yoast SEO plugin. -->","yoast_head_json":{"title":"Startsett BAS 4-delt | Meguiar&#039;s - Xenon King","robots":{"index":"index","follow":"follow","max-snippet":"max-snippet:-1","max-image-preview":"max-image-preview:large","max-video-preview":"max-video-preview:-1"},"canonical":"https:\/\/xenonkungen.com\/no\/produkt\/startersett-base-4-deler-meguiars\/","og_locale":"nb_NO","og_type":"article","og_title":"Startpaket BAS 4-delar | Meguiar's - Xenonkungen","og_description":"4 delars tv\u00e4ttpaket Ett enkelt startpaket med allt du beh\u00f6ver f\u00f6r att b\u00f6rja underh\u00e5llet av dina fordon, sedan finns det alltid mer produkter som du kan komplemera med. Alla delarna i bilv\u00e5rdspaketet \u00e4r fr\u00e5n Meguar&#8217;s. Paketet inneh\u00e5ller: Gold Class Car Wash ShampooH\u00f6geffektivt schampo med h\u00e4rligt skum som effektivt avl\u00e4gsnar smutsen fr\u00e5n lacken samtidigt som det [&hellip;]","og_url":"https:\/\/xenonkungen.com\/no\/produkt\/startersett-base-4-deler-meguiars\/","og_site_name":"Xenonkungen","article_modified_time":"2026-04-09T14:53:51+00:00","og_image":[{"width":1920,"height":2560,"url":"https:\/\/xenonkungen.com\/wp-content\/uploads\/2025\/05\/190742667-origpic-7a9b2f-1-scaled.jpg","type":"image\/jpeg"}],"twitter_card":"summary_large_image","twitter_misc":{"Ansl. lesetid":"1 minutt"},"schema":{"@context":"https:\/\/schema.org","@graph":[{"@type":"WebPage","@id":"https:\/\/xenonkungen.com\/produkt\/startpaket-bas-4-delar-meguiars\/","url":"https:\/\/xenonkungen.com\/produkt\/startpaket-bas-4-delar-meguiars\/","name":"Startsett BAS 4-delt | Meguiar&#039;s - Xenon King","isPartOf":{"@id":"https:\/\/xenonkungen.com\/#website"},"primaryImageOfPage":{"@id":"https:\/\/xenonkungen.com\/produkt\/startpaket-bas-4-delar-meguiars\/#primaryimage"},"image":{"@id":"https:\/\/xenonkungen.com\/produkt\/startpaket-bas-4-delar-meguiars\/#primaryimage"},"thumbnailUrl":"https:\/\/xenonkungen.com\/wp-content\/uploads\/2025\/05\/190742667-origpic-7a9b2f-1-scaled.jpg","datePublished":"2025-05-20T08:06:03+00:00","dateModified":"2026-04-09T14:53:51+00:00","breadcrumb":{"@id":"https:\/\/xenonkungen.com\/produkt\/startpaket-bas-4-delar-meguiars\/#breadcrumb"},"inLanguage":"nb-NO","potentialAction":[{"@type":"ReadAction","target":["https:\/\/xenonkungen.com\/produkt\/startpaket-bas-4-delar-meguiars\/"]}]},{"@type":"ImageObject","inLanguage":"nb-NO","@id":"https:\/\/xenonkungen.com\/produkt\/startpaket-bas-4-delar-meguiars\/#primaryimage","url":"https:\/\/xenonkungen.com\/wp-content\/uploads\/2025\/05\/190742667-origpic-7a9b2f-1-scaled.jpg","contentUrl":"https:\/\/xenonkungen.com\/wp-content\/uploads\/2025\/05\/190742667-origpic-7a9b2f-1-scaled.jpg","width":1920,"height":2560},{"@type":"BreadcrumbList","@id":"https:\/\/xenonkungen.com\/produkt\/startpaket-bas-4-delar-meguiars\/#breadcrumb","itemListElement":[{"@type":"ListItem","position":1,"name":"Hem","item":"https:\/\/xenonkungen.com\/"},{"@type":"ListItem","position":2,"name":"Shop","item":"https:\/\/xenonkungen.com\/shop\/"},{"@type":"ListItem","position":3,"name":"Startpaket BAS 4-delar | Meguiar&#8217;s"}]},{"@type":"WebSite","@id":"https:\/\/xenonkungen.com\/#website","url":"https:\/\/xenonkungen.com\/","name":"Xenonkungen","description":"","potentialAction":[{"@type":"SearchAction","target":{"@type":"EntryPoint","urlTemplate":"https:\/\/xenonkungen.com\/?s={search_term_string}"},"query-input":{"@type":"PropertyValueSpecification","valueRequired":true,"valueName":"search_term_string"}}],"inLanguage":"nb-NO"}]}},"taxonomy_info":{"anvandningsomrade":[{"value":2234,"label":"Alla"}],"bilmarken":[{"value":168,"label":"Alla"}],"product_brand":[{"value":1383,"label":"Meguiar's"}],"product_cat":[{"value":2188,"label":"Bilv\u00e5rdpaket"},{"value":378,"label":"Bilv\u00e5rd"}],"product_tag":[{"value":2726,"label":"produktpaket"}]},"featured_image_src_large":["https:\/\/xenonkungen.com\/wp-content\/uploads\/2025\/05\/190742667-origpic-7a9b2f-1-768x1024.jpg",768,1024,true],"author_info":[],"comment_info":0,"_links":{"self":[{"href":"https:\/\/xenonkungen.com\/no\/wp-json\/wp\/v2\/product\/9673","targetHints":{"allow":["GET"]}}],"collection":[{"href":"https:\/\/xenonkungen.com\/no\/wp-json\/wp\/v2\/product"}],"about":[{"href":"https:\/\/xenonkungen.com\/no\/wp-json\/wp\/v2\/types\/product"}],"replies":[{"embeddable":true,"href":"https:\/\/xenonkungen.com\/no\/wp-json\/wp\/v2\/comments?post=9673"}],"wp:featuredmedia":[{"embeddable":true,"href":"https:\/\/xenonkungen.com\/no\/wp-json\/wp\/v2\/media\/10166"}],"wp:attachment":[{"href":"https:\/\/xenonkungen.com\/no\/wp-json\/wp\/v2\/media?parent=9673"}],"wp:term":[{"taxonomy":"anvandningsomrade","embeddable":true,"href":"https:\/\/xenonkungen.com\/no\/wp-json\/wp\/v2\/anvandningsomrade?post=9673"},{"taxonomy":"bilmarken","embeddable":true,"href":"https:\/\/xenonkungen.com\/no\/wp-json\/wp\/v2\/bilmarken?post=9673"},{"taxonomy":"product_brand","embeddable":true,"href":"https:\/\/xenonkungen.com\/no\/wp-json\/wp\/v2\/product_brand?post=9673"},{"taxonomy":"product_cat","embeddable":true,"href":"https:\/\/xenonkungen.com\/no\/wp-json\/wp\/v2\/product_cat?post=9673"},{"taxonomy":"product_tag","embeddable":true,"href":"https:\/\/xenonkungen.com\/no\/wp-json\/wp\/v2\/product_tag?post=9673"}],"curies":[{"name":"wp","href":"https:\/\/api.w.org\/{rel}","templated":true}]}}