{"id":978,"date":"2025-04-15T08:38:06","date_gmt":"2025-04-15T08:38:06","guid":{"rendered":"https:\/\/xenonkungen.com\/product\/luxtar-ledramp-s32-drl-192w\/"},"modified":"2026-05-08T15:41:58","modified_gmt":"2026-05-08T14:41:58","slug":"luxtar-led-lys-s32-kjorelys-192w","status":"publish","type":"product","link":"https:\/\/xenonkungen.com\/no\/produkt\/luxtar-led-lys-s32-kjorelys-192w\/","title":{"rendered":"LUXTAR\u00ae Ledrampe S32 DRL | 192W <85cm>"},"content":{"rendered":"<p>Luxtar S-Series S32 Dual Edition er etter v\u00e5r mening en av de skarpeste rampene p\u00e5 markedet, samtidig som den har et veldig fint design.<\/p>\n<p>Med en kraftig 12 W-brikke gir den 1 lux p\u00e5 godt over 450 meters avstand, samtidig som den gir en virkelig god lysbredde.<\/p>\n<p>Luxtar S32 Dual Edition er bygget av aluminium, og designet er utrolig aerodynamisk for ikke \u00e5 skape turbulens og st\u00f8y n\u00e5r du kj\u00f8rer. Det pulverlakkerte understellet og polykarbonatlinsen s\u00f8rger for at du ikke trenger \u00e5 bekymre deg for un\u00f8dvendig slitasje p\u00e5 rampens utseende.<\/p>\n<p>Det integrerte posisjonslyset gir et stilig utseende. Rampen har b\u00e5de gult (oransje) og hvitt posisjonslys, slik at du kan velge etter din egen smak!<\/p>\n<p>Rampen leveres med b\u00e5de braketter for montering i bunnen og sidebraketter. Dette gj\u00f8r det enkelt \u00e5 montere den p\u00e5 flere forskjellige m\u00e5ter.<\/p>","protected":false},"excerpt":{"rendered":"<p>Luxtar S-Series 32 Dual Edition er den perfekte rampen som kombinerer god ytelse med stilig design!<\/p>","protected":false},"featured_media":2486,"comment_status":"closed","ping_status":"closed","template":"","meta":{"_acf_changed":false,"_smort_price_nok":"1736","_smort_price_dkk":"2168","_smort_price_eur":"290.44","_smort_sale_price_nok":"1736","_smort_sale_price_dkk":"","_smort_sale_price_eur":"174.08","smort_restorder":"","shipmondo_restorder":"","_kad_blocks_custom_css":"","_kad_blocks_head_custom_js":"","_kad_blocks_body_custom_js":"","_kad_blocks_footer_custom_js":"","smort_custom_pricelist_1":"2044.8","smort_custom_pricelist_2":"1789.2","smort_custom_pricelist_3":"1699.74","smort_custom_pricelist_4":"2556","smort_custom_pricelist_5":"1789.2"},"anvandningsomrade":[],"bilmarken":[],"product_brand":[103],"product_cat":[2966,2539,2826,2540,1402],"product_tag":[],"class_list":{"0":"post-978","1":"product","2":"type-product","3":"status-publish","4":"has-post-thumbnail","6":"product_brand-luxtar","7":"product_cat-ledramp-rak","8":"product_cat-ledramper","9":"product_cat-luxtar","10":"product_cat-luxtar-s-serie","11":"product_cat-outlet","12":"pa_faktisk-effekts-forbrukning-315","13":"pa_fargtemperatur-6000k","14":"pa_fuktskydd-varde-ipxx-ip68","15":"pa_godkannande-e9","16":"pa_lampsockel-kontakt-9006-hb4","17":"pa_led-chips-effekt-w-314","18":"pa_ljusbild-flood","19":"pa_storlek-mm-845x50x65","20":"pa_stromforbrukning-104a12v","21":"pa_stromforbrukning-52a24v","22":"pa_volt-v-12-24","24":"first","25":"instock","26":"taxable","27":"shipping-taxable","28":"purchasable","29":"product-type-simple"},"bundled_by":[],"bundle_stock_status":"instock","bundle_stock_quantity":113,"bundle_virtual":false,"bundle_layout":"","bundle_add_to_cart_form_location":"","bundle_editable_in_cart":false,"bundle_sold_individually_context":"","bundle_item_grouping":"","bundle_min_size":"","bundle_max_size":"","bundle_price":[],"bundled_items":[],"bundle_sell_ids":[],"acf":[],"yoast_head":"<!-- This site is optimized with the Yoast SEO plugin v27.0 - https:\/\/yoast.com\/product\/yoast-seo-wordpress\/ -->\n<title>LUXTAR\u00ae Ledramp S32 DRL | 192W  - Xenonkungen<\/title>\n<meta name=\"robots\" content=\"index, follow, max-snippet:-1, max-image-preview:large, max-video-preview:-1\" \/>\n<link rel=\"canonical\" href=\"https:\/\/xenonkungen.com\/no\/produkt\/luxtar-led-lys-s32-kjorelys-192w\/\" \/>\n<meta property=\"og:locale\" content=\"nb_NO\" \/>\n<meta property=\"og:type\" content=\"article\" \/>\n<meta property=\"og:title\" content=\"LUXTAR\u00ae Ledramp S32 DRL | 192W  - Xenonkungen\" \/>\n<meta property=\"og:description\" content=\"Luxtar S-Series 32 Dual Edition \u00e4r den perfekta rampen som kombinerar fantastisk prestanda med snygg design!\" \/>\n<meta property=\"og:url\" content=\"https:\/\/xenonkungen.com\/no\/produkt\/luxtar-led-lys-s32-kjorelys-192w\/\" \/>\n<meta property=\"og:site_name\" content=\"Xenonkungen\" \/>\n<meta property=\"article:modified_time\" content=\"2026-05-08T14:41:58+00:00\" \/>\n<meta property=\"og:image\" content=\"https:\/\/xenonkungen.com\/wp-content\/uploads\/2025\/04\/192940214-origpic-4aae65-1.png\" \/>\n\t<meta property=\"og:image:width\" content=\"1000\" \/>\n\t<meta property=\"og:image:height\" content=\"695\" \/>\n\t<meta property=\"og:image:type\" content=\"image\/png\" \/>\n<meta name=\"twitter:card\" content=\"summary_large_image\" \/>\n<meta name=\"twitter:label1\" content=\"Ansl. lesetid\" \/>\n\t<meta name=\"twitter:data1\" content=\"1 minutt\" \/>\n<script type=\"application\/ld+json\" class=\"yoast-schema-graph\">{\"@context\":\"https:\/\/schema.org\",\"@graph\":[{\"@type\":\"WebPage\",\"@id\":\"https:\/\/xenonkungen.com\/produkt\/luxtar-ledramp-s32-drl-192w\/\",\"url\":\"https:\/\/xenonkungen.com\/produkt\/luxtar-ledramp-s32-drl-192w\/\",\"name\":\"LUXTAR\u00ae Ledramp S32 DRL | 192W - Xenonkungen\",\"isPartOf\":{\"@id\":\"https:\/\/xenonkungen.com\/#website\"},\"primaryImageOfPage\":{\"@id\":\"https:\/\/xenonkungen.com\/produkt\/luxtar-ledramp-s32-drl-192w\/#primaryimage\"},\"image\":{\"@id\":\"https:\/\/xenonkungen.com\/produkt\/luxtar-ledramp-s32-drl-192w\/#primaryimage\"},\"thumbnailUrl\":\"https:\/\/xenonkungen.com\/wp-content\/uploads\/2025\/04\/192940214-origpic-4aae65-1.png\",\"datePublished\":\"2025-04-15T08:38:06+00:00\",\"dateModified\":\"2026-05-08T14:41:58+00:00\",\"breadcrumb\":{\"@id\":\"https:\/\/xenonkungen.com\/produkt\/luxtar-ledramp-s32-drl-192w\/#breadcrumb\"},\"inLanguage\":\"nb-NO\",\"potentialAction\":[{\"@type\":\"ReadAction\",\"target\":[\"https:\/\/xenonkungen.com\/produkt\/luxtar-ledramp-s32-drl-192w\/\"]}]},{\"@type\":\"ImageObject\",\"inLanguage\":\"nb-NO\",\"@id\":\"https:\/\/xenonkungen.com\/produkt\/luxtar-ledramp-s32-drl-192w\/#primaryimage\",\"url\":\"https:\/\/xenonkungen.com\/wp-content\/uploads\/2025\/04\/192940214-origpic-4aae65-1.png\",\"contentUrl\":\"https:\/\/xenonkungen.com\/wp-content\/uploads\/2025\/04\/192940214-origpic-4aae65-1.png\",\"width\":1000,\"height\":695},{\"@type\":\"BreadcrumbList\",\"@id\":\"https:\/\/xenonkungen.com\/produkt\/luxtar-ledramp-s32-drl-192w\/#breadcrumb\",\"itemListElement\":[{\"@type\":\"ListItem\",\"position\":1,\"name\":\"Hem\",\"item\":\"https:\/\/xenonkungen.com\/\"},{\"@type\":\"ListItem\",\"position\":2,\"name\":\"Shop\",\"item\":\"https:\/\/xenonkungen.com\/shop\/\"},{\"@type\":\"ListItem\",\"position\":3,\"name\":\"LUXTAR\u00ae Ledramp S32 DRL | 192W\"}]},{\"@type\":\"WebSite\",\"@id\":\"https:\/\/xenonkungen.com\/#website\",\"url\":\"https:\/\/xenonkungen.com\/\",\"name\":\"Xenonkungen\",\"description\":\"\",\"potentialAction\":[{\"@type\":\"SearchAction\",\"target\":{\"@type\":\"EntryPoint\",\"urlTemplate\":\"https:\/\/xenonkungen.com\/?s={search_term_string}\"},\"query-input\":{\"@type\":\"PropertyValueSpecification\",\"valueRequired\":true,\"valueName\":\"search_term_string\"}}],\"inLanguage\":\"nb-NO\"}]}<\/script>\n<!-- \/ Yoast SEO plugin. -->","yoast_head_json":{"title":"LUXTAR\u00ae LED-rampe S32 DRL | 192W \u2013 Xenon-kongen","robots":{"index":"index","follow":"follow","max-snippet":"max-snippet:-1","max-image-preview":"max-image-preview:large","max-video-preview":"max-video-preview:-1"},"canonical":"https:\/\/xenonkungen.com\/no\/produkt\/luxtar-led-lys-s32-kjorelys-192w\/","og_locale":"nb_NO","og_type":"article","og_title":"LUXTAR\u00ae Ledramp S32 DRL | 192W  - Xenonkungen","og_description":"Luxtar S-Series 32 Dual Edition \u00e4r den perfekta rampen som kombinerar fantastisk prestanda med snygg design!","og_url":"https:\/\/xenonkungen.com\/no\/produkt\/luxtar-led-lys-s32-kjorelys-192w\/","og_site_name":"Xenonkungen","article_modified_time":"2026-05-08T14:41:58+00:00","og_image":[{"width":1000,"height":695,"url":"https:\/\/xenonkungen.com\/wp-content\/uploads\/2025\/04\/192940214-origpic-4aae65-1.png","type":"image\/png"}],"twitter_card":"summary_large_image","twitter_misc":{"Ansl. lesetid":"1 minutt"},"schema":{"@context":"https:\/\/schema.org","@graph":[{"@type":"WebPage","@id":"https:\/\/xenonkungen.com\/produkt\/luxtar-ledramp-s32-drl-192w\/","url":"https:\/\/xenonkungen.com\/produkt\/luxtar-ledramp-s32-drl-192w\/","name":"LUXTAR\u00ae LED-rampe S32 DRL | 192W \u2013 Xenon-kongen","isPartOf":{"@id":"https:\/\/xenonkungen.com\/#website"},"primaryImageOfPage":{"@id":"https:\/\/xenonkungen.com\/produkt\/luxtar-ledramp-s32-drl-192w\/#primaryimage"},"image":{"@id":"https:\/\/xenonkungen.com\/produkt\/luxtar-ledramp-s32-drl-192w\/#primaryimage"},"thumbnailUrl":"https:\/\/xenonkungen.com\/wp-content\/uploads\/2025\/04\/192940214-origpic-4aae65-1.png","datePublished":"2025-04-15T08:38:06+00:00","dateModified":"2026-05-08T14:41:58+00:00","breadcrumb":{"@id":"https:\/\/xenonkungen.com\/produkt\/luxtar-ledramp-s32-drl-192w\/#breadcrumb"},"inLanguage":"nb-NO","potentialAction":[{"@type":"ReadAction","target":["https:\/\/xenonkungen.com\/produkt\/luxtar-ledramp-s32-drl-192w\/"]}]},{"@type":"ImageObject","inLanguage":"nb-NO","@id":"https:\/\/xenonkungen.com\/produkt\/luxtar-ledramp-s32-drl-192w\/#primaryimage","url":"https:\/\/xenonkungen.com\/wp-content\/uploads\/2025\/04\/192940214-origpic-4aae65-1.png","contentUrl":"https:\/\/xenonkungen.com\/wp-content\/uploads\/2025\/04\/192940214-origpic-4aae65-1.png","width":1000,"height":695},{"@type":"BreadcrumbList","@id":"https:\/\/xenonkungen.com\/produkt\/luxtar-ledramp-s32-drl-192w\/#breadcrumb","itemListElement":[{"@type":"ListItem","position":1,"name":"Hem","item":"https:\/\/xenonkungen.com\/"},{"@type":"ListItem","position":2,"name":"Shop","item":"https:\/\/xenonkungen.com\/shop\/"},{"@type":"ListItem","position":3,"name":"LUXTAR\u00ae Ledramp S32 DRL | 192W"}]},{"@type":"WebSite","@id":"https:\/\/xenonkungen.com\/#website","url":"https:\/\/xenonkungen.com\/","name":"Xenonkungen","description":"","potentialAction":[{"@type":"SearchAction","target":{"@type":"EntryPoint","urlTemplate":"https:\/\/xenonkungen.com\/?s={search_term_string}"},"query-input":{"@type":"PropertyValueSpecification","valueRequired":true,"valueName":"search_term_string"}}],"inLanguage":"nb-NO"}]}},"taxonomy_info":{"product_brand":[{"value":103,"label":"LUXTAR"}],"product_cat":[{"value":2966,"label":"Ledramp Rak"},{"value":2539,"label":"LEDRAMPER"},{"value":2826,"label":"LUXTAR"},{"value":2540,"label":"Luxtar S-Serie"},{"value":1402,"label":"Outlet"}],"pa_faktisk-effekts-forbrukning":[{"value":315,"label":"125"}],"pa_fargtemperatur":[{"value":188,"label":"6000K"}],"pa_fuktskydd-varde-ipxx":[{"value":177,"label":"IP68"}],"pa_godkannande":[{"value":818,"label":"E9"}],"pa_lampsockel-kontakt":[{"value":326,"label":"9006 , HB4"}],"pa_led-chips-effekt-w":[{"value":314,"label":"192"}],"pa_ljusbild":[{"value":503,"label":"FLOOD"}],"pa_storlek-mm":[{"value":819,"label":"845x50x65"}],"pa_stromforbrukning":[{"value":820,"label":"10,4A@12V"},{"value":821,"label":"5,2A@24V"}],"pa_volt-v":[{"value":348,"label":"12, 24"}]},"featured_image_src_large":["https:\/\/xenonkungen.com\/wp-content\/uploads\/2025\/04\/192940214-origpic-4aae65-1.png",1000,695,false],"author_info":[],"comment_info":0,"_links":{"self":[{"href":"https:\/\/xenonkungen.com\/no\/wp-json\/wp\/v2\/product\/978","targetHints":{"allow":["GET"]}}],"collection":[{"href":"https:\/\/xenonkungen.com\/no\/wp-json\/wp\/v2\/product"}],"about":[{"href":"https:\/\/xenonkungen.com\/no\/wp-json\/wp\/v2\/types\/product"}],"replies":[{"embeddable":true,"href":"https:\/\/xenonkungen.com\/no\/wp-json\/wp\/v2\/comments?post=978"}],"wp:featuredmedia":[{"embeddable":true,"href":"https:\/\/xenonkungen.com\/no\/wp-json\/wp\/v2\/media\/2486"}],"wp:attachment":[{"href":"https:\/\/xenonkungen.com\/no\/wp-json\/wp\/v2\/media?parent=978"}],"wp:term":[{"taxonomy":"anvandningsomrade","embeddable":true,"href":"https:\/\/xenonkungen.com\/no\/wp-json\/wp\/v2\/anvandningsomrade?post=978"},{"taxonomy":"bilmarken","embeddable":true,"href":"https:\/\/xenonkungen.com\/no\/wp-json\/wp\/v2\/bilmarken?post=978"},{"taxonomy":"product_brand","embeddable":true,"href":"https:\/\/xenonkungen.com\/no\/wp-json\/wp\/v2\/product_brand?post=978"},{"taxonomy":"product_cat","embeddable":true,"href":"https:\/\/xenonkungen.com\/no\/wp-json\/wp\/v2\/product_cat?post=978"},{"taxonomy":"product_tag","embeddable":true,"href":"https:\/\/xenonkungen.com\/no\/wp-json\/wp\/v2\/product_tag?post=978"}],"curies":[{"name":"wp","href":"https:\/\/api.w.org\/{rel}","templated":true}]}}